{"id":351,"date":"2025-10-03T15:56:54","date_gmt":"2025-10-03T20:56:54","guid":{"rendered":"https:\/\/click2action.com.co\/doctoralvaro\/?page_id=351"},"modified":"2025-10-03T16:12:56","modified_gmt":"2025-10-03T21:12:56","slug":"biopsia-aspirativa-con-aguja-fina-bacaf","status":"publish","type":"page","link":"https:\/\/doctoralvarosanabria.com\/en\/biopsia-aspirativa-con-aguja-fina-bacaf\/","title":{"rendered":"Biopsia aspirativa\u2028con aguja fina &#8211; BACAF"},"content":{"rendered":"<div data-elementor-type=\"wp-page\" data-elementor-id=\"351\" class=\"elementor elementor-351\" data-elementor-settings=\"{&quot;ha_cmc_init_switcher&quot;:&quot;no&quot;}\" data-elementor-post-type=\"page\">\n\t\t\t\t<div class=\"elementor-element elementor-element-685adb2b e-con-full e-flex e-con e-parent\" data-id=\"685adb2b\" data-element_type=\"container\" data-e-type=\"container\" data-settings=\"{&quot;_ha_eqh_enable&quot;:false}\">\n\t\t\t\t<div class=\"elementor-element elementor-element-6cf1c4ce elementor-hidden-mobile elementor-widget elementor-widget-image\" data-id=\"6cf1c4ce\" data-element_type=\"widget\" data-e-type=\"widget\" data-widget_type=\"image.default\">\n\t\t\t\t\t\t\t\t\t\t\t\t\t\t\t<img fetchpriority=\"high\" decoding=\"async\" width=\"2560\" height=\"588\" src=\"https:\/\/doctoralvarosanabria.com\/wp-content\/uploads\/2026\/03\/Banners-ingles-13-scaled.jpg\" class=\"attachment-full size-full wp-image-360\" alt=\"\" srcset=\"https:\/\/doctoralvarosanabria.com\/wp-content\/uploads\/2026\/03\/Banners-ingles-13-scaled.jpg 2560w, https:\/\/doctoralvarosanabria.com\/wp-content\/uploads\/2026\/03\/Banners-ingles-13-300x69.jpg 300w, https:\/\/doctoralvarosanabria.com\/wp-content\/uploads\/2026\/03\/Banners-ingles-13-1024x235.jpg 1024w, https:\/\/doctoralvarosanabria.com\/wp-content\/uploads\/2026\/03\/Banners-ingles-13-768x176.jpg 768w, https:\/\/doctoralvarosanabria.com\/wp-content\/uploads\/2026\/03\/Banners-ingles-13-1536x353.jpg 1536w, https:\/\/doctoralvarosanabria.com\/wp-content\/uploads\/2026\/03\/Banners-ingles-13-2048x470.jpg 2048w, https:\/\/doctoralvarosanabria.com\/wp-content\/uploads\/2026\/03\/Banners-ingles-13-18x4.jpg 18w\" sizes=\"(max-width: 2560px) 100vw, 2560px\" \/>\t\t\t\t\t\t\t\t\t\t\t\t\t\t\t<\/div>\n\t\t\t\t<div class=\"elementor-element elementor-element-e5eacf4 elementor-hidden-desktop elementor-hidden-tablet elementor-widget elementor-widget-image\" data-id=\"e5eacf4\" data-element_type=\"widget\" data-e-type=\"widget\" data-widget_type=\"image.default\">\n\t\t\t\t\t\t\t\t\t\t\t\t\t\t\t<img decoding=\"async\" width=\"480\" height=\"480\" src=\"https:\/\/doctoralvarosanabria.com\/wp-content\/uploads\/2026\/03\/Banners-ingles-36.jpg\" class=\"attachment-full size-full wp-image-361\" alt=\"\" srcset=\"https:\/\/doctoralvarosanabria.com\/wp-content\/uploads\/2026\/03\/Banners-ingles-36.jpg 1000w, https:\/\/doctoralvarosanabria.com\/wp-content\/uploads\/2026\/03\/Banners-ingles-36-300x300.jpg 300w, https:\/\/doctoralvarosanabria.com\/wp-content\/uploads\/2026\/03\/Banners-ingles-36-150x150.jpg 150w, https:\/\/doctoralvarosanabria.com\/wp-content\/uploads\/2026\/03\/Banners-ingles-36-768x768.jpg 768w, https:\/\/doctoralvarosanabria.com\/wp-content\/uploads\/2026\/03\/Banners-ingles-36-12x12.jpg 12w\" sizes=\"(max-width: 480px) 100vw, 480px\" \/>\t\t\t\t\t\t\t\t\t\t\t\t\t\t\t<\/div>\n\t\t\t\t<\/div>\n\t\t<div class=\"elementor-element elementor-element-64d34c17 e-flex e-con-boxed e-con e-parent\" data-id=\"64d34c17\" data-element_type=\"container\" data-e-type=\"container\" data-settings=\"{&quot;background_background&quot;:&quot;classic&quot;,&quot;_ha_eqh_enable&quot;:false}\">\n\t\t\t\t\t<div class=\"e-con-inner\">\n\t\t<div class=\"elementor-element elementor-element-5990ea9b e-con-full elementor-hidden-mobile e-flex e-con e-child\" data-id=\"5990ea9b\" data-element_type=\"container\" data-e-type=\"container\" data-settings=\"{&quot;_ha_eqh_enable&quot;:false}\">\n\t\t\t\t<div class=\"elementor-element elementor-element-1e2eeeca elementor-widget elementor-widget-heading\" data-id=\"1e2eeeca\" data-element_type=\"widget\" data-e-type=\"widget\" data-widget_type=\"heading.default\">\n\t\t\t\t\t<h2 class=\"elementor-heading-title elementor-size-default\">Fine needle aspiration biopsy - BACAF<\/h2>\t\t\t\t<\/div>\n\t\t\t\t<div class=\"elementor-element elementor-element-105e1fb2 elementor-widget__width-initial elementor-absolute elementor-view-default elementor-widget elementor-widget-icon\" data-id=\"105e1fb2\" data-element_type=\"widget\" data-e-type=\"widget\" data-settings=\"{&quot;_position&quot;:&quot;absolute&quot;,&quot;motion_fx_motion_fx_mouse&quot;:&quot;yes&quot;,&quot;motion_fx_mouseTrack_effect&quot;:&quot;yes&quot;,&quot;motion_fx_mouseTrack_speed&quot;:{&quot;unit&quot;:&quot;px&quot;,&quot;size&quot;:0.6,&quot;sizes&quot;:[]},&quot;motion_fx_tilt_effect&quot;:&quot;yes&quot;,&quot;motion_fx_tilt_speed&quot;:{&quot;unit&quot;:&quot;px&quot;,&quot;size&quot;:4,&quot;sizes&quot;:[]}}\" data-widget_type=\"icon.default\">\n\t\t\t\t\t\t\t<div class=\"elementor-icon-wrapper\">\n\t\t\t<div class=\"elementor-icon\">\n\t\t\t<svg xmlns=\"http:\/\/www.w3.org\/2000\/svg\" width=\"87\" height=\"87\" viewbox=\"0 0 87 87\" fill=\"none\"><circle cx=\"43.5\" cy=\"43.5\" r=\"43.5\" fill=\"#E4B464\"><\/circle><path d=\"M44.7085 21.75V67.6667\" stroke=\"white\" stroke-width=\"2\" stroke-linecap=\"round\"><\/path><path d=\"M67.6665 44.7085L21.7498 44.7085\" stroke=\"white\" stroke-width=\"2\" stroke-linecap=\"round\"><\/path><\/svg>\t\t\t<\/div>\n\t\t<\/div>\n\t\t\t\t\t\t<\/div>\n\t\t\t\t<div class=\"elementor-element elementor-element-73da3506 elementor-widget__width-initial elementor-absolute elementor-view-default elementor-widget elementor-widget-icon\" data-id=\"73da3506\" data-element_type=\"widget\" data-e-type=\"widget\" data-settings=\"{&quot;_position&quot;:&quot;absolute&quot;,&quot;motion_fx_motion_fx_mouse&quot;:&quot;yes&quot;,&quot;motion_fx_mouseTrack_effect&quot;:&quot;yes&quot;,&quot;motion_fx_mouseTrack_direction&quot;:&quot;negative&quot;,&quot;motion_fx_mouseTrack_speed&quot;:{&quot;unit&quot;:&quot;px&quot;,&quot;size&quot;:0.6,&quot;sizes&quot;:[]},&quot;motion_fx_tilt_effect&quot;:&quot;yes&quot;,&quot;motion_fx_tilt_direction&quot;:&quot;negative&quot;,&quot;motion_fx_tilt_speed&quot;:{&quot;unit&quot;:&quot;px&quot;,&quot;size&quot;:4,&quot;sizes&quot;:[]}}\" data-widget_type=\"icon.default\">\n\t\t\t\t\t\t\t<div class=\"elementor-icon-wrapper\">\n\t\t\t<div class=\"elementor-icon\">\n\t\t\t<svg xmlns=\"http:\/\/www.w3.org\/2000\/svg\" width=\"87\" height=\"87\" viewbox=\"0 0 87 87\" fill=\"none\"><circle cx=\"43.5\" cy=\"43.5\" r=\"43.5\" fill=\"#E4B464\"><\/circle><path d=\"M44.7085 21.75V67.6667\" stroke=\"white\" stroke-width=\"2\" stroke-linecap=\"round\"><\/path><path d=\"M67.6665 44.7085L21.7498 44.7085\" stroke=\"white\" stroke-width=\"2\" stroke-linecap=\"round\"><\/path><\/svg>\t\t\t<\/div>\n\t\t<\/div>\n\t\t\t\t\t\t<\/div>\n\t\t\t\t<div class=\"elementor-element elementor-element-5dfafe23 elementor-widget elementor-widget-image\" data-id=\"5dfafe23\" data-element_type=\"widget\" data-e-type=\"widget\" data-settings=\"{&quot;motion_fx_motion_fx_mouse&quot;:&quot;yes&quot;,&quot;motion_fx_tilt_effect&quot;:&quot;yes&quot;,&quot;motion_fx_tilt_direction&quot;:&quot;negative&quot;,&quot;motion_fx_tilt_speed&quot;:{&quot;unit&quot;:&quot;px&quot;,&quot;size&quot;:4.1,&quot;sizes&quot;:[]}}\" data-widget_type=\"image.default\">\n\t\t\t\t\t\t\t\t\t\t\t\t\t\t\t<img decoding=\"async\" width=\"400\" height=\"521\" src=\"https:\/\/doctoralvarosanabria.com\/wp-content\/uploads\/2025\/10\/Group-595-1.png\" class=\"attachment-large size-large wp-image-362\" alt=\"\" srcset=\"https:\/\/doctoralvarosanabria.com\/wp-content\/uploads\/2025\/10\/Group-595-1.png 400w, https:\/\/doctoralvarosanabria.com\/wp-content\/uploads\/2025\/10\/Group-595-1-230x300.png 230w\" sizes=\"(max-width: 400px) 100vw, 400px\" \/>\t\t\t\t\t\t\t\t\t\t\t\t\t\t\t<\/div>\n\t\t\t\t<div class=\"elementor-element elementor-element-6f6a5ee7 elementor-widget-mobile__width-initial elementor-absolute elementor-widget elementor-widget-image\" data-id=\"6f6a5ee7\" data-element_type=\"widget\" data-e-type=\"widget\" data-settings=\"{&quot;_position&quot;:&quot;absolute&quot;,&quot;motion_fx_motion_fx_mouse&quot;:&quot;yes&quot;,&quot;motion_fx_mouseTrack_effect&quot;:&quot;yes&quot;,&quot;motion_fx_mouseTrack_speed&quot;:{&quot;unit&quot;:&quot;px&quot;,&quot;size&quot;:0.5,&quot;sizes&quot;:[]}}\" data-widget_type=\"image.default\">\n\t\t\t\t\t\t\t\t\t\t\t\t\t\t\t<img loading=\"lazy\" decoding=\"async\" width=\"500\" height=\"451\" src=\"https:\/\/doctoralvarosanabria.com\/wp-content\/uploads\/2025\/10\/Group-590.png\" class=\"attachment-large size-large wp-image-339\" alt=\"\" srcset=\"https:\/\/doctoralvarosanabria.com\/wp-content\/uploads\/2025\/10\/Group-590.png 500w, https:\/\/doctoralvarosanabria.com\/wp-content\/uploads\/2025\/10\/Group-590-300x271.png 300w\" sizes=\"(max-width: 500px) 100vw, 500px\" \/>\t\t\t\t\t\t\t\t\t\t\t\t\t\t\t<\/div>\n\t\t\t\t<\/div>\n\t\t<div class=\"elementor-element elementor-element-289ed02e e-con-full elementor-hidden-desktop elementor-hidden-tablet e-flex e-con e-child\" data-id=\"289ed02e\" data-element_type=\"container\" data-e-type=\"container\" data-settings=\"{&quot;_ha_eqh_enable&quot;:false}\">\n\t\t\t\t<div class=\"elementor-element elementor-element-11c9800f elementor-widget elementor-widget-heading\" data-id=\"11c9800f\" data-element_type=\"widget\" data-e-type=\"widget\" data-widget_type=\"heading.default\">\n\t\t\t\t\t<h2 class=\"elementor-heading-title elementor-size-default\">Fine needle aspiration biopsy - BACAF<\/h2>\t\t\t\t<\/div>\n\t\t\t\t<div class=\"elementor-element elementor-element-287bd6fc elementor-widget elementor-widget-image\" data-id=\"287bd6fc\" data-element_type=\"widget\" data-e-type=\"widget\" data-widget_type=\"image.default\">\n\t\t\t\t\t\t\t\t\t\t\t\t\t\t\t<img loading=\"lazy\" decoding=\"async\" width=\"439\" height=\"615\" src=\"https:\/\/doctoralvarosanabria.com\/wp-content\/uploads\/2025\/10\/Group-599.png\" class=\"attachment-large size-large wp-image-370\" alt=\"\" srcset=\"https:\/\/doctoralvarosanabria.com\/wp-content\/uploads\/2025\/10\/Group-599.png 439w, https:\/\/doctoralvarosanabria.com\/wp-content\/uploads\/2025\/10\/Group-599-214x300.png 214w\" sizes=\"(max-width: 439px) 100vw, 439px\" \/>\t\t\t\t\t\t\t\t\t\t\t\t\t\t\t<\/div>\n\t\t\t\t<\/div>\n\t\t<div class=\"elementor-element elementor-element-4381f5c3 e-con-full e-flex e-con e-child\" data-id=\"4381f5c3\" data-element_type=\"container\" data-e-type=\"container\" data-settings=\"{&quot;_ha_eqh_enable&quot;:false}\">\n\t\t\t\t<div class=\"elementor-element elementor-element-71f16d11 elementor-widget elementor-widget-text-editor\" data-id=\"71f16d11\" data-element_type=\"widget\" data-e-type=\"widget\" data-widget_type=\"text-editor.default\">\n\t\t\t\t\t\t\t\t\t<p>It is the initial diagnostic method for studying<span style=\"color: #04919b;\">\u00a0<\/span><a href=\"https:\/\/doctoralvarosanabria.com\/en\/enfermedades-de-cabeza-y-cuello\/tiroides\/\" target=\"_blank\" rel=\"noopener\" data-fpl-component=\"primitive\"><span style=\"color: #04919b;\">thyroid nodules<\/span>\u00a0<\/a>or certain masses in the neck. The thyroid is a gland located at the front of the neck, just below the Adam's apple, and its function is to produce thyroid hormone, which aids in the body's metabolism.<\/p><p><br \/>The\u00a0<span style=\"color: #04919b;\"><a style=\"color: #04919b;\" href=\"https:\/\/doctoralvarosanabria.com\/en\/tipos-de-biopsias-tiroideas\/\" target=\"_blank\" rel=\"noopener\" data-fpl-component=\"primitive\">Aspiration biopsy<\/a><\/span>\u00a0Fine needle aspiration involves inserting a small needle into the nodule to obtain a sufficient amount of material to help determine whether the nodule is benign or malignant.<\/p><p><br \/>The procedure is performed on an outpatient basis and its diagnostic accuracy is greater than 95%. Local anesthetics are not necessary due to the thinness of the needle used. If the nodule is palpable or measures more than two centimeters, the procedure is performed directly by the surgeon. If the nodule is not palpable or measures less than 2 cm, the biopsy must be performed under ultrasound guidance, which is usually done by a radiologist.<\/p><p><br \/><strong>Procedure:<\/strong><\/p><p><br \/>The person lies on their back with their neck extended. The puncture site is sterilized with alcohol, and then the needle is inserted, moved in and out two or three times, and finally removed. Gentle pressure is applied to the site for two minutes. This procedure takes approximately one minute. Occasionally, a second puncture is necessary when it is not possible to obtain sufficient material.<\/p><p><br \/>No preparation is necessary. Most people report mild, short-lived pain. There is a very low risk of bruising, which can usually be treated with common painkillers and local measures. The sample obtained is processed by an expert pathologist, which takes approximately two weeks. The result must be interpreted by a\u00a0<span style=\"color: #04919b;\"><a style=\"color: #04919b;\" href=\"https:\/\/doctoralvarosanabria.com\/en\/dr-alvaro-sanabria\/\" target=\"_blank\" rel=\"noopener\" data-fpl-component=\"primitive\">head and neck surgeon<\/a>\u00a0<\/span>or an endocrinologist.<\/p>\t\t\t\t\t\t\t\t<\/div>\n\t\t\t\t<\/div>\n\t\t\t\t\t<\/div>\n\t\t\t\t<\/div>\n\t\t\t\t<\/div>","protected":false},"excerpt":{"rendered":"<p>Biopsia aspirativa\u2028con aguja fina &#8211; BACAF Biopsia aspirativa\u2028con aguja fina &#8211; BACAF Es el m\u00e9todo diagn\u00f3stico inicial para el estudio de los n\u00f3dulos de la\u00a0tiroides\u00a0o de algunas masas del\u00a0cuello. La\u00a0tiroides\u00a0es una gl\u00e1ndula ubicada en la parte anterior del cuello, exactamente por debajo de la manzana de Ad\u00e1n y su funci\u00f3n es la producci\u00f3n de\u00a0hormona tiroidea\u00a0que [&hellip;]<\/p>\n","protected":false},"author":1,"featured_media":0,"parent":0,"menu_order":0,"comment_status":"closed","ping_status":"closed","template":"","meta":{"footnotes":""},"class_list":["post-351","page","type-page","status-publish","hentry"],"yoast_head":"<!-- This site is optimized with the Yoast SEO plugin v27.3 - https:\/\/yoast.com\/product\/yoast-seo-wordpress\/ -->\n<title>Biopsia aspirativa\u2028con aguja fina - BACAF - Doctor \u00c1lvaro Sanabria<\/title>\n<meta name=\"robots\" content=\"index, follow, max-snippet:-1, max-image-preview:large, max-video-preview:-1\" \/>\n<link rel=\"canonical\" href=\"https:\/\/doctoralvarosanabria.com\/en\/biopsia-aspirativa-con-aguja-fina-bacaf\/\" \/>\n<meta property=\"og:locale\" content=\"en_US\" \/>\n<meta property=\"og:type\" content=\"article\" \/>\n<meta property=\"og:title\" content=\"Biopsia aspirativa\u2028con aguja fina - BACAF - Doctor \u00c1lvaro Sanabria\" \/>\n<meta property=\"og:description\" content=\"Biopsia aspirativa\u2028con aguja fina &#8211; BACAF Biopsia aspirativa\u2028con aguja fina &#8211; BACAF Es el m\u00e9todo diagn\u00f3stico inicial para el estudio de los n\u00f3dulos de la\u00a0tiroides\u00a0o de algunas masas del\u00a0cuello. La\u00a0tiroides\u00a0es una gl\u00e1ndula ubicada en la parte anterior del cuello, exactamente por debajo de la manzana de Ad\u00e1n y su funci\u00f3n es la producci\u00f3n de\u00a0hormona tiroidea\u00a0que [&hellip;]\" \/>\n<meta property=\"og:url\" content=\"https:\/\/doctoralvarosanabria.com\/en\/biopsia-aspirativa-con-aguja-fina-bacaf\/\" \/>\n<meta property=\"og:site_name\" content=\"Doctor \u00c1lvaro Sanabria\" \/>\n<meta property=\"article:publisher\" content=\"https:\/\/www.facebook.com\/share\/16XXpHhXgk\/\" \/>\n<meta property=\"article:modified_time\" content=\"2025-10-03T21:12:56+00:00\" \/>\n<meta property=\"og:image\" content=\"https:\/\/click2action.com.co\/doctoralvaro\/wp-content\/uploads\/2025\/10\/Group-595-1.png\" \/>\n<meta name=\"twitter:card\" content=\"summary_large_image\" \/>\n<meta name=\"twitter:label1\" content=\"Est. reading time\" \/>\n\t<meta name=\"twitter:data1\" content=\"2 minutes\" \/>\n<script type=\"application\/ld+json\" class=\"yoast-schema-graph\">{\"@context\":\"https:\\\/\\\/schema.org\",\"@graph\":[{\"@type\":\"WebPage\",\"@id\":\"https:\\\/\\\/doctoralvarosanabria.com\\\/biopsia-aspirativa-con-aguja-fina-bacaf\\\/\",\"url\":\"https:\\\/\\\/doctoralvarosanabria.com\\\/biopsia-aspirativa-con-aguja-fina-bacaf\\\/\",\"name\":\"Biopsia aspirativa\\u2028con aguja fina - BACAF - Doctor \u00c1lvaro Sanabria\",\"isPartOf\":{\"@id\":\"https:\\\/\\\/doctoralvarosanabria.com\\\/#website\"},\"primaryImageOfPage\":{\"@id\":\"https:\\\/\\\/doctoralvarosanabria.com\\\/biopsia-aspirativa-con-aguja-fina-bacaf\\\/#primaryimage\"},\"image\":{\"@id\":\"https:\\\/\\\/doctoralvarosanabria.com\\\/biopsia-aspirativa-con-aguja-fina-bacaf\\\/#primaryimage\"},\"thumbnailUrl\":\"https:\\\/\\\/click2action.com.co\\\/doctoralvaro\\\/wp-content\\\/uploads\\\/2025\\\/10\\\/Group-595-1.png\",\"datePublished\":\"2025-10-03T20:56:54+00:00\",\"dateModified\":\"2025-10-03T21:12:56+00:00\",\"breadcrumb\":{\"@id\":\"https:\\\/\\\/doctoralvarosanabria.com\\\/biopsia-aspirativa-con-aguja-fina-bacaf\\\/#breadcrumb\"},\"inLanguage\":\"en-US\",\"potentialAction\":[{\"@type\":\"ReadAction\",\"target\":[\"https:\\\/\\\/doctoralvarosanabria.com\\\/biopsia-aspirativa-con-aguja-fina-bacaf\\\/\"]}]},{\"@type\":\"ImageObject\",\"inLanguage\":\"en-US\",\"@id\":\"https:\\\/\\\/doctoralvarosanabria.com\\\/biopsia-aspirativa-con-aguja-fina-bacaf\\\/#primaryimage\",\"url\":\"https:\\\/\\\/click2action.com.co\\\/doctoralvaro\\\/wp-content\\\/uploads\\\/2025\\\/10\\\/Group-595-1.png\",\"contentUrl\":\"https:\\\/\\\/click2action.com.co\\\/doctoralvaro\\\/wp-content\\\/uploads\\\/2025\\\/10\\\/Group-595-1.png\"},{\"@type\":\"BreadcrumbList\",\"@id\":\"https:\\\/\\\/doctoralvarosanabria.com\\\/biopsia-aspirativa-con-aguja-fina-bacaf\\\/#breadcrumb\",\"itemListElement\":[{\"@type\":\"ListItem\",\"position\":1,\"name\":\"Inicio\",\"item\":\"https:\\\/\\\/doctoralvarosanabria.com\\\/\"},{\"@type\":\"ListItem\",\"position\":2,\"name\":\"Biopsia aspirativa\\u2028con aguja fina &#8211; BACAF\"}]},{\"@type\":\"WebSite\",\"@id\":\"https:\\\/\\\/doctoralvarosanabria.com\\\/#website\",\"url\":\"https:\\\/\\\/doctoralvarosanabria.com\\\/\",\"name\":\"Doctor \u00c1lvaro Sanabria\",\"description\":\"\",\"publisher\":{\"@id\":\"https:\\\/\\\/doctoralvarosanabria.com\\\/#organization\"},\"potentialAction\":[{\"@type\":\"SearchAction\",\"target\":{\"@type\":\"EntryPoint\",\"urlTemplate\":\"https:\\\/\\\/doctoralvarosanabria.com\\\/?s={search_term_string}\"},\"query-input\":{\"@type\":\"PropertyValueSpecification\",\"valueRequired\":true,\"valueName\":\"search_term_string\"}}],\"inLanguage\":\"en-US\"},{\"@type\":\"Organization\",\"@id\":\"https:\\\/\\\/doctoralvarosanabria.com\\\/#organization\",\"name\":\"Doctor \u00c1lvaro Sanabria\",\"url\":\"https:\\\/\\\/doctoralvarosanabria.com\\\/\",\"logo\":{\"@type\":\"ImageObject\",\"inLanguage\":\"en-US\",\"@id\":\"https:\\\/\\\/doctoralvarosanabria.com\\\/#\\\/schema\\\/logo\\\/image\\\/\",\"url\":\"https:\\\/\\\/doctoralvarosanabria.com\\\/wp-content\\\/uploads\\\/2025\\\/09\\\/logo-doctor-1.png\",\"contentUrl\":\"https:\\\/\\\/doctoralvarosanabria.com\\\/wp-content\\\/uploads\\\/2025\\\/09\\\/logo-doctor-1.png\",\"width\":508,\"height\":120,\"caption\":\"Doctor \u00c1lvaro Sanabria\"},\"image\":{\"@id\":\"https:\\\/\\\/doctoralvarosanabria.com\\\/#\\\/schema\\\/logo\\\/image\\\/\"},\"sameAs\":[\"https:\\\/\\\/www.facebook.com\\\/share\\\/16XXpHhXgk\\\/\",\"https:\\\/\\\/www.instagram.com\\\/dr.alvaro_sanabria?igsh=NTJtdjB3ZDY2cGw1\",\"https:\\\/\\\/www.linkedin.com\\\/in\\\/alvaro-sanabria-msc-phd-b3156835?utm_source=share&utm_campaign=share_via&utm_content=profile&utm_medium=android_app\"]}]}<\/script>\n<!-- \/ Yoast SEO plugin. -->","yoast_head_json":{"title":"Biopsia aspirativa\u2028con aguja fina - BACAF - Doctor \u00c1lvaro Sanabria","robots":{"index":"index","follow":"follow","max-snippet":"max-snippet:-1","max-image-preview":"max-image-preview:large","max-video-preview":"max-video-preview:-1"},"canonical":"https:\/\/doctoralvarosanabria.com\/en\/biopsia-aspirativa-con-aguja-fina-bacaf\/","og_locale":"en_US","og_type":"article","og_title":"Biopsia aspirativa\u2028con aguja fina - BACAF - Doctor \u00c1lvaro Sanabria","og_description":"Biopsia aspirativa\u2028con aguja fina &#8211; BACAF Biopsia aspirativa\u2028con aguja fina &#8211; BACAF Es el m\u00e9todo diagn\u00f3stico inicial para el estudio de los n\u00f3dulos de la\u00a0tiroides\u00a0o de algunas masas del\u00a0cuello. La\u00a0tiroides\u00a0es una gl\u00e1ndula ubicada en la parte anterior del cuello, exactamente por debajo de la manzana de Ad\u00e1n y su funci\u00f3n es la producci\u00f3n de\u00a0hormona tiroidea\u00a0que [&hellip;]","og_url":"https:\/\/doctoralvarosanabria.com\/en\/biopsia-aspirativa-con-aguja-fina-bacaf\/","og_site_name":"Doctor \u00c1lvaro Sanabria","article_publisher":"https:\/\/www.facebook.com\/share\/16XXpHhXgk\/","article_modified_time":"2025-10-03T21:12:56+00:00","og_image":[{"url":"https:\/\/click2action.com.co\/doctoralvaro\/wp-content\/uploads\/2025\/10\/Group-595-1.png","type":"","width":"","height":""}],"twitter_card":"summary_large_image","twitter_misc":{"Est. reading time":"2 minutes"},"schema":{"@context":"https:\/\/schema.org","@graph":[{"@type":"WebPage","@id":"https:\/\/doctoralvarosanabria.com\/biopsia-aspirativa-con-aguja-fina-bacaf\/","url":"https:\/\/doctoralvarosanabria.com\/biopsia-aspirativa-con-aguja-fina-bacaf\/","name":"Biopsia aspirativa\u2028con aguja fina - BACAF - Doctor \u00c1lvaro Sanabria","isPartOf":{"@id":"https:\/\/doctoralvarosanabria.com\/#website"},"primaryImageOfPage":{"@id":"https:\/\/doctoralvarosanabria.com\/biopsia-aspirativa-con-aguja-fina-bacaf\/#primaryimage"},"image":{"@id":"https:\/\/doctoralvarosanabria.com\/biopsia-aspirativa-con-aguja-fina-bacaf\/#primaryimage"},"thumbnailUrl":"https:\/\/click2action.com.co\/doctoralvaro\/wp-content\/uploads\/2025\/10\/Group-595-1.png","datePublished":"2025-10-03T20:56:54+00:00","dateModified":"2025-10-03T21:12:56+00:00","breadcrumb":{"@id":"https:\/\/doctoralvarosanabria.com\/biopsia-aspirativa-con-aguja-fina-bacaf\/#breadcrumb"},"inLanguage":"en-US","potentialAction":[{"@type":"ReadAction","target":["https:\/\/doctoralvarosanabria.com\/biopsia-aspirativa-con-aguja-fina-bacaf\/"]}]},{"@type":"ImageObject","inLanguage":"en-US","@id":"https:\/\/doctoralvarosanabria.com\/biopsia-aspirativa-con-aguja-fina-bacaf\/#primaryimage","url":"https:\/\/click2action.com.co\/doctoralvaro\/wp-content\/uploads\/2025\/10\/Group-595-1.png","contentUrl":"https:\/\/click2action.com.co\/doctoralvaro\/wp-content\/uploads\/2025\/10\/Group-595-1.png"},{"@type":"BreadcrumbList","@id":"https:\/\/doctoralvarosanabria.com\/biopsia-aspirativa-con-aguja-fina-bacaf\/#breadcrumb","itemListElement":[{"@type":"ListItem","position":1,"name":"Inicio","item":"https:\/\/doctoralvarosanabria.com\/"},{"@type":"ListItem","position":2,"name":"Biopsia aspirativa\u2028con aguja fina &#8211; BACAF"}]},{"@type":"WebSite","@id":"https:\/\/doctoralvarosanabria.com\/#website","url":"https:\/\/doctoralvarosanabria.com\/","name":"Doctor \u00c1lvaro Sanabria","description":"","publisher":{"@id":"https:\/\/doctoralvarosanabria.com\/#organization"},"potentialAction":[{"@type":"SearchAction","target":{"@type":"EntryPoint","urlTemplate":"https:\/\/doctoralvarosanabria.com\/?s={search_term_string}"},"query-input":{"@type":"PropertyValueSpecification","valueRequired":true,"valueName":"search_term_string"}}],"inLanguage":"en-US"},{"@type":"Organization","@id":"https:\/\/doctoralvarosanabria.com\/#organization","name":"Doctor \u00c1lvaro Sanabria","url":"https:\/\/doctoralvarosanabria.com\/","logo":{"@type":"ImageObject","inLanguage":"en-US","@id":"https:\/\/doctoralvarosanabria.com\/#\/schema\/logo\/image\/","url":"https:\/\/doctoralvarosanabria.com\/wp-content\/uploads\/2025\/09\/logo-doctor-1.png","contentUrl":"https:\/\/doctoralvarosanabria.com\/wp-content\/uploads\/2025\/09\/logo-doctor-1.png","width":508,"height":120,"caption":"Doctor \u00c1lvaro Sanabria"},"image":{"@id":"https:\/\/doctoralvarosanabria.com\/#\/schema\/logo\/image\/"},"sameAs":["https:\/\/www.facebook.com\/share\/16XXpHhXgk\/","https:\/\/www.instagram.com\/dr.alvaro_sanabria?igsh=NTJtdjB3ZDY2cGw1","https:\/\/www.linkedin.com\/in\/alvaro-sanabria-msc-phd-b3156835?utm_source=share&utm_campaign=share_via&utm_content=profile&utm_medium=android_app"]}]}},"_links":{"self":[{"href":"https:\/\/doctoralvarosanabria.com\/en\/wp-json\/wp\/v2\/pages\/351","targetHints":{"allow":["GET"]}}],"collection":[{"href":"https:\/\/doctoralvarosanabria.com\/en\/wp-json\/wp\/v2\/pages"}],"about":[{"href":"https:\/\/doctoralvarosanabria.com\/en\/wp-json\/wp\/v2\/types\/page"}],"author":[{"embeddable":true,"href":"https:\/\/doctoralvarosanabria.com\/en\/wp-json\/wp\/v2\/users\/1"}],"replies":[{"embeddable":true,"href":"https:\/\/doctoralvarosanabria.com\/en\/wp-json\/wp\/v2\/comments?post=351"}],"version-history":[{"count":7,"href":"https:\/\/doctoralvarosanabria.com\/en\/wp-json\/wp\/v2\/pages\/351\/revisions"}],"predecessor-version":[{"id":373,"href":"https:\/\/doctoralvarosanabria.com\/en\/wp-json\/wp\/v2\/pages\/351\/revisions\/373"}],"wp:attachment":[{"href":"https:\/\/doctoralvarosanabria.com\/en\/wp-json\/wp\/v2\/media?parent=351"}],"curies":[{"name":"wp","href":"https:\/\/api.w.org\/{rel}","templated":true}]}}