{"id":394,"date":"2025-10-03T16:22:18","date_gmt":"2025-10-03T21:22:18","guid":{"rendered":"https:\/\/click2action.com.co\/doctoralvaro\/?page_id=394"},"modified":"2025-10-03T16:27:15","modified_gmt":"2025-10-03T21:27:15","slug":"fibronasolaringoscopia","status":"publish","type":"page","link":"https:\/\/doctoralvarosanabria.com\/en\/fibronasolaringoscopia\/","title":{"rendered":"Fibronasolaryngoscopy"},"content":{"rendered":"<div data-elementor-type=\"wp-page\" data-elementor-id=\"394\" class=\"elementor elementor-394\" data-elementor-settings=\"{&quot;ha_cmc_init_switcher&quot;:&quot;no&quot;}\" data-elementor-post-type=\"page\">\n\t\t\t\t<div class=\"elementor-element elementor-element-306cbe74 e-con-full e-flex e-con e-parent\" data-id=\"306cbe74\" data-element_type=\"container\" data-e-type=\"container\" data-settings=\"{&quot;_ha_eqh_enable&quot;:false}\">\n\t\t\t\t<div class=\"elementor-element elementor-element-590c0339 elementor-hidden-mobile elementor-widget elementor-widget-image\" data-id=\"590c0339\" data-element_type=\"widget\" data-e-type=\"widget\" data-widget_type=\"image.default\">\n\t\t\t\t\t\t\t\t\t\t\t\t\t\t\t<img fetchpriority=\"high\" decoding=\"async\" width=\"2560\" height=\"588\" src=\"https:\/\/doctoralvarosanabria.com\/wp-content\/uploads\/2026\/03\/Banners-ingles-15-scaled.jpg\" class=\"attachment-full size-full wp-image-399\" alt=\"\" srcset=\"https:\/\/doctoralvarosanabria.com\/wp-content\/uploads\/2026\/03\/Banners-ingles-15-scaled.jpg 2560w, https:\/\/doctoralvarosanabria.com\/wp-content\/uploads\/2026\/03\/Banners-ingles-15-300x69.jpg 300w, https:\/\/doctoralvarosanabria.com\/wp-content\/uploads\/2026\/03\/Banners-ingles-15-1024x235.jpg 1024w, https:\/\/doctoralvarosanabria.com\/wp-content\/uploads\/2026\/03\/Banners-ingles-15-768x176.jpg 768w, https:\/\/doctoralvarosanabria.com\/wp-content\/uploads\/2026\/03\/Banners-ingles-15-1536x353.jpg 1536w, https:\/\/doctoralvarosanabria.com\/wp-content\/uploads\/2026\/03\/Banners-ingles-15-2048x470.jpg 2048w, https:\/\/doctoralvarosanabria.com\/wp-content\/uploads\/2026\/03\/Banners-ingles-15-18x4.jpg 18w\" sizes=\"(max-width: 2560px) 100vw, 2560px\" \/>\t\t\t\t\t\t\t\t\t\t\t\t\t\t\t<\/div>\n\t\t\t\t<div class=\"elementor-element elementor-element-6870756b elementor-hidden-desktop elementor-hidden-tablet elementor-widget elementor-widget-image\" data-id=\"6870756b\" data-element_type=\"widget\" data-e-type=\"widget\" data-widget_type=\"image.default\">\n\t\t\t\t\t\t\t\t\t\t\t\t\t\t\t<img decoding=\"async\" width=\"480\" height=\"480\" src=\"https:\/\/doctoralvarosanabria.com\/wp-content\/uploads\/2026\/03\/Banners-ingles-38.jpg\" class=\"attachment-full size-full wp-image-400\" alt=\"\" srcset=\"https:\/\/doctoralvarosanabria.com\/wp-content\/uploads\/2026\/03\/Banners-ingles-38.jpg 1000w, https:\/\/doctoralvarosanabria.com\/wp-content\/uploads\/2026\/03\/Banners-ingles-38-300x300.jpg 300w, https:\/\/doctoralvarosanabria.com\/wp-content\/uploads\/2026\/03\/Banners-ingles-38-150x150.jpg 150w, https:\/\/doctoralvarosanabria.com\/wp-content\/uploads\/2026\/03\/Banners-ingles-38-768x768.jpg 768w, https:\/\/doctoralvarosanabria.com\/wp-content\/uploads\/2026\/03\/Banners-ingles-38-12x12.jpg 12w\" sizes=\"(max-width: 480px) 100vw, 480px\" \/>\t\t\t\t\t\t\t\t\t\t\t\t\t\t\t<\/div>\n\t\t\t\t<\/div>\n\t\t<div class=\"elementor-element elementor-element-13db8174 e-flex e-con-boxed e-con e-parent\" data-id=\"13db8174\" data-element_type=\"container\" data-e-type=\"container\" data-settings=\"{&quot;background_background&quot;:&quot;classic&quot;,&quot;_ha_eqh_enable&quot;:false}\">\n\t\t\t\t\t<div class=\"e-con-inner\">\n\t\t<div class=\"elementor-element elementor-element-7ef5f361 e-con-full elementor-hidden-mobile e-flex e-con e-child\" data-id=\"7ef5f361\" data-element_type=\"container\" data-e-type=\"container\" data-settings=\"{&quot;_ha_eqh_enable&quot;:false}\">\n\t\t\t\t<div class=\"elementor-element elementor-element-798a4266 elementor-widget elementor-widget-heading\" data-id=\"798a4266\" data-element_type=\"widget\" data-e-type=\"widget\" data-widget_type=\"heading.default\">\n\t\t\t\t\t<h2 class=\"elementor-heading-title elementor-size-default\">Fibronasolaryngoscopy<\/h2>\t\t\t\t<\/div>\n\t\t\t\t<div class=\"elementor-element elementor-element-2b0a173 elementor-widget__width-initial elementor-absolute elementor-view-default elementor-widget elementor-widget-icon\" data-id=\"2b0a173\" data-element_type=\"widget\" data-e-type=\"widget\" data-settings=\"{&quot;_position&quot;:&quot;absolute&quot;,&quot;motion_fx_motion_fx_mouse&quot;:&quot;yes&quot;,&quot;motion_fx_mouseTrack_effect&quot;:&quot;yes&quot;,&quot;motion_fx_mouseTrack_speed&quot;:{&quot;unit&quot;:&quot;px&quot;,&quot;size&quot;:0.6,&quot;sizes&quot;:[]},&quot;motion_fx_tilt_effect&quot;:&quot;yes&quot;,&quot;motion_fx_tilt_speed&quot;:{&quot;unit&quot;:&quot;px&quot;,&quot;size&quot;:4,&quot;sizes&quot;:[]}}\" data-widget_type=\"icon.default\">\n\t\t\t\t\t\t\t<div class=\"elementor-icon-wrapper\">\n\t\t\t<div class=\"elementor-icon\">\n\t\t\t<svg xmlns=\"http:\/\/www.w3.org\/2000\/svg\" width=\"87\" height=\"87\" viewbox=\"0 0 87 87\" fill=\"none\"><circle cx=\"43.5\" cy=\"43.5\" r=\"43.5\" fill=\"#E4B464\"><\/circle><path d=\"M44.7085 21.75V67.6667\" stroke=\"white\" stroke-width=\"2\" stroke-linecap=\"round\"><\/path><path d=\"M67.6665 44.7085L21.7498 44.7085\" stroke=\"white\" stroke-width=\"2\" stroke-linecap=\"round\"><\/path><\/svg>\t\t\t<\/div>\n\t\t<\/div>\n\t\t\t\t\t\t<\/div>\n\t\t\t\t<div class=\"elementor-element elementor-element-79f9e634 elementor-widget__width-initial elementor-absolute elementor-view-default elementor-widget elementor-widget-icon\" data-id=\"79f9e634\" data-element_type=\"widget\" data-e-type=\"widget\" data-settings=\"{&quot;_position&quot;:&quot;absolute&quot;,&quot;motion_fx_motion_fx_mouse&quot;:&quot;yes&quot;,&quot;motion_fx_mouseTrack_effect&quot;:&quot;yes&quot;,&quot;motion_fx_mouseTrack_direction&quot;:&quot;negative&quot;,&quot;motion_fx_mouseTrack_speed&quot;:{&quot;unit&quot;:&quot;px&quot;,&quot;size&quot;:0.6,&quot;sizes&quot;:[]},&quot;motion_fx_tilt_effect&quot;:&quot;yes&quot;,&quot;motion_fx_tilt_direction&quot;:&quot;negative&quot;,&quot;motion_fx_tilt_speed&quot;:{&quot;unit&quot;:&quot;px&quot;,&quot;size&quot;:4,&quot;sizes&quot;:[]}}\" data-widget_type=\"icon.default\">\n\t\t\t\t\t\t\t<div class=\"elementor-icon-wrapper\">\n\t\t\t<div class=\"elementor-icon\">\n\t\t\t<svg xmlns=\"http:\/\/www.w3.org\/2000\/svg\" width=\"87\" height=\"87\" viewbox=\"0 0 87 87\" fill=\"none\"><circle cx=\"43.5\" cy=\"43.5\" r=\"43.5\" fill=\"#E4B464\"><\/circle><path d=\"M44.7085 21.75V67.6667\" stroke=\"white\" stroke-width=\"2\" stroke-linecap=\"round\"><\/path><path d=\"M67.6665 44.7085L21.7498 44.7085\" stroke=\"white\" stroke-width=\"2\" stroke-linecap=\"round\"><\/path><\/svg>\t\t\t<\/div>\n\t\t<\/div>\n\t\t\t\t\t\t<\/div>\n\t\t\t\t<div class=\"elementor-element elementor-element-59f33ff0 elementor-widget elementor-widget-image\" data-id=\"59f33ff0\" data-element_type=\"widget\" data-e-type=\"widget\" data-settings=\"{&quot;motion_fx_motion_fx_mouse&quot;:&quot;yes&quot;,&quot;motion_fx_tilt_effect&quot;:&quot;yes&quot;,&quot;motion_fx_tilt_direction&quot;:&quot;negative&quot;,&quot;motion_fx_tilt_speed&quot;:{&quot;unit&quot;:&quot;px&quot;,&quot;size&quot;:4.1,&quot;sizes&quot;:[]}}\" data-widget_type=\"image.default\">\n\t\t\t\t\t\t\t\t\t\t\t\t\t\t\t<img decoding=\"async\" width=\"400\" height=\"521\" src=\"https:\/\/doctoralvarosanabria.com\/wp-content\/uploads\/2025\/10\/Group-605.png\" class=\"attachment-large size-large wp-image-397\" alt=\"\" srcset=\"https:\/\/doctoralvarosanabria.com\/wp-content\/uploads\/2025\/10\/Group-605.png 400w, https:\/\/doctoralvarosanabria.com\/wp-content\/uploads\/2025\/10\/Group-605-230x300.png 230w\" sizes=\"(max-width: 400px) 100vw, 400px\" \/>\t\t\t\t\t\t\t\t\t\t\t\t\t\t\t<\/div>\n\t\t\t\t<div class=\"elementor-element elementor-element-5890a505 elementor-widget-mobile__width-initial elementor-absolute elementor-widget elementor-widget-image\" data-id=\"5890a505\" data-element_type=\"widget\" data-e-type=\"widget\" data-settings=\"{&quot;_position&quot;:&quot;absolute&quot;,&quot;motion_fx_motion_fx_mouse&quot;:&quot;yes&quot;,&quot;motion_fx_mouseTrack_effect&quot;:&quot;yes&quot;,&quot;motion_fx_mouseTrack_speed&quot;:{&quot;unit&quot;:&quot;px&quot;,&quot;size&quot;:0.5,&quot;sizes&quot;:[]}}\" data-widget_type=\"image.default\">\n\t\t\t\t\t\t\t\t\t\t\t\t\t\t\t<img loading=\"lazy\" decoding=\"async\" width=\"500\" height=\"451\" src=\"https:\/\/doctoralvarosanabria.com\/wp-content\/uploads\/2025\/10\/Group-590.png\" class=\"attachment-large size-large wp-image-339\" alt=\"\" srcset=\"https:\/\/doctoralvarosanabria.com\/wp-content\/uploads\/2025\/10\/Group-590.png 500w, https:\/\/doctoralvarosanabria.com\/wp-content\/uploads\/2025\/10\/Group-590-300x271.png 300w\" sizes=\"(max-width: 500px) 100vw, 500px\" \/>\t\t\t\t\t\t\t\t\t\t\t\t\t\t\t<\/div>\n\t\t\t\t<\/div>\n\t\t<div class=\"elementor-element elementor-element-1493c67f e-con-full elementor-hidden-desktop elementor-hidden-tablet e-flex e-con e-child\" data-id=\"1493c67f\" data-element_type=\"container\" data-e-type=\"container\" data-settings=\"{&quot;_ha_eqh_enable&quot;:false}\">\n\t\t\t\t<div class=\"elementor-element elementor-element-52d8c5a7 elementor-widget elementor-widget-heading\" data-id=\"52d8c5a7\" data-element_type=\"widget\" data-e-type=\"widget\" data-widget_type=\"heading.default\">\n\t\t\t\t\t<h2 class=\"elementor-heading-title elementor-size-default\">Fibronasolaryngoscopy<\/h2>\t\t\t\t<\/div>\n\t\t\t\t<div class=\"elementor-element elementor-element-5c183c9 elementor-widget elementor-widget-image\" data-id=\"5c183c9\" data-element_type=\"widget\" data-e-type=\"widget\" data-widget_type=\"image.default\">\n\t\t\t\t\t\t\t\t\t\t\t\t\t\t\t<img loading=\"lazy\" decoding=\"async\" width=\"442\" height=\"617\" src=\"https:\/\/doctoralvarosanabria.com\/wp-content\/uploads\/2025\/10\/Group-606.png\" class=\"attachment-large size-large wp-image-398\" alt=\"\" srcset=\"https:\/\/doctoralvarosanabria.com\/wp-content\/uploads\/2025\/10\/Group-606.png 442w, https:\/\/doctoralvarosanabria.com\/wp-content\/uploads\/2025\/10\/Group-606-215x300.png 215w\" sizes=\"(max-width: 442px) 100vw, 442px\" \/>\t\t\t\t\t\t\t\t\t\t\t\t\t\t\t<\/div>\n\t\t\t\t<\/div>\n\t\t<div class=\"elementor-element elementor-element-51a02c88 e-con-full e-flex e-con e-child\" data-id=\"51a02c88\" data-element_type=\"container\" data-e-type=\"container\" data-settings=\"{&quot;_ha_eqh_enable&quot;:false}\">\n\t\t\t\t<div class=\"elementor-element elementor-element-996ec elementor-widget elementor-widget-text-editor\" data-id=\"996ec\" data-element_type=\"widget\" data-e-type=\"widget\" data-widget_type=\"text-editor.default\">\n\t\t\t\t\t\t\t\t\t<p><strong>Diagnosis by Fibronasolaryngoscopy<\/strong><\/p><p><br \/>It is a procedure that involves examining the deep structures of the nose, throat, and larynx using a fiber optic scope. In most cases, the fibronasolaryngoscopy diagnostic examination is easily performed without any significant pain or discomfort. Occasionally, it may cause temporary irritation of the nose, usually minor bleeding, or nausea and vomiting in very sensitive individuals.<\/p><p><br \/>There is a very remote risk of spasms in the larynx, which causes the person to feel unable to breathe, similar to when one feels choked while eating. What most people describe as \u201cthe food went down the wrong way.\u201d<\/p><p><br \/>To perform the procedure, the patient must remain seated. Topical anesthesia is applied to the mouth and throat to reduce the gag reflex that some people experience. After a few minutes, the tongue is pulled forward and the endoscope is inserted until the vocal cords are visible. You will be asked to say a few letters in a sustained manner and to breathe deeply while the images of the vocal cords are observed on a monitor.<\/p><p><br \/>For this exam, you must fast for at least two hours and not eat anything for half an hour after the exam. You must also inform your doctor if you are allergic to xylocaine, if you suffer from cardiovascular diseases such as arrhythmias, previous heart attacks, high blood pressure, or if you have a pacemaker, among other conditions. Nasofibrolaryngoscopy is indicated in cases of: dysphagia, swallowing disorders, apnea, gastroesophageal reflux, voice disorders, and foreign body sensation in the throat.<\/p>\t\t\t\t\t\t\t\t<\/div>\n\t\t\t\t<\/div>\n\t\t\t\t\t<\/div>\n\t\t\t\t<\/div>\n\t\t\t\t<\/div>","protected":false},"excerpt":{"rendered":"<p>Fibronasolaringoscopia Fibronasolaringoscopia El Diagn\u00f3stico por Fibronasolaringoscopia es un procedimiento que consiste en el estudio por fibra \u00f3ptica, de las estructuras profundas de nariz, garganta y laringe. En la mayor\u00eda de los casos el examen de Diagn\u00f3stico por Fibronasolaringoscopia se realiza f\u00e1cilmente, sin ning\u00fan dolor o molestia mayor. Ocasionalmente puede producir irritaci\u00f3n pasajera de la nariz, [&hellip;]<\/p>\n","protected":false},"author":1,"featured_media":0,"parent":0,"menu_order":0,"comment_status":"closed","ping_status":"closed","template":"","meta":{"footnotes":""},"class_list":["post-394","page","type-page","status-publish","hentry"],"yoast_head":"<!-- This site is optimized with the Yoast SEO plugin v27.5 - https:\/\/yoast.com\/product\/yoast-seo-wordpress\/ -->\n<title>Fibronasolaringoscopia - Doctor \u00c1lvaro Sanabria<\/title>\n<meta name=\"robots\" content=\"index, follow, max-snippet:-1, max-image-preview:large, max-video-preview:-1\" \/>\n<link rel=\"canonical\" href=\"https:\/\/doctoralvarosanabria.com\/en\/fibronasolaringoscopia\/\" \/>\n<meta property=\"og:locale\" content=\"en_US\" \/>\n<meta property=\"og:type\" content=\"article\" \/>\n<meta property=\"og:title\" content=\"Fibronasolaringoscopia - Doctor \u00c1lvaro Sanabria\" \/>\n<meta property=\"og:description\" content=\"Fibronasolaringoscopia Fibronasolaringoscopia El Diagn\u00f3stico por Fibronasolaringoscopia es un procedimiento que consiste en el estudio por fibra \u00f3ptica, de las estructuras profundas de nariz, garganta y laringe. En la mayor\u00eda de los casos el examen de Diagn\u00f3stico por Fibronasolaringoscopia se realiza f\u00e1cilmente, sin ning\u00fan dolor o molestia mayor. Ocasionalmente puede producir irritaci\u00f3n pasajera de la nariz, [&hellip;]\" \/>\n<meta property=\"og:url\" content=\"https:\/\/doctoralvarosanabria.com\/en\/fibronasolaringoscopia\/\" \/>\n<meta property=\"og:site_name\" content=\"Doctor \u00c1lvaro Sanabria\" \/>\n<meta property=\"article:publisher\" content=\"https:\/\/www.facebook.com\/share\/16XXpHhXgk\/\" \/>\n<meta property=\"article:modified_time\" content=\"2025-10-03T21:27:15+00:00\" \/>\n<meta property=\"og:image\" content=\"https:\/\/click2action.com.co\/doctoralvaro\/wp-content\/uploads\/2025\/10\/Banners-INTERNA-Fibronasolaringoscopia.jpg\" \/>\n<meta name=\"twitter:card\" content=\"summary_large_image\" \/>\n<meta name=\"twitter:label1\" content=\"Est. reading time\" \/>\n\t<meta name=\"twitter:data1\" content=\"2 minutes\" \/>\n<script type=\"application\/ld+json\" class=\"yoast-schema-graph\">{\"@context\":\"https:\\\/\\\/schema.org\",\"@graph\":[{\"@type\":\"WebPage\",\"@id\":\"https:\\\/\\\/doctoralvarosanabria.com\\\/fibronasolaringoscopia\\\/\",\"url\":\"https:\\\/\\\/doctoralvarosanabria.com\\\/fibronasolaringoscopia\\\/\",\"name\":\"Fibronasolaringoscopia - Doctor \u00c1lvaro Sanabria\",\"isPartOf\":{\"@id\":\"https:\\\/\\\/doctoralvarosanabria.com\\\/#website\"},\"primaryImageOfPage\":{\"@id\":\"https:\\\/\\\/doctoralvarosanabria.com\\\/fibronasolaringoscopia\\\/#primaryimage\"},\"image\":{\"@id\":\"https:\\\/\\\/doctoralvarosanabria.com\\\/fibronasolaringoscopia\\\/#primaryimage\"},\"thumbnailUrl\":\"https:\\\/\\\/click2action.com.co\\\/doctoralvaro\\\/wp-content\\\/uploads\\\/2025\\\/10\\\/Banners-INTERNA-Fibronasolaringoscopia.jpg\",\"datePublished\":\"2025-10-03T21:22:18+00:00\",\"dateModified\":\"2025-10-03T21:27:15+00:00\",\"breadcrumb\":{\"@id\":\"https:\\\/\\\/doctoralvarosanabria.com\\\/fibronasolaringoscopia\\\/#breadcrumb\"},\"inLanguage\":\"en-US\",\"potentialAction\":[{\"@type\":\"ReadAction\",\"target\":[\"https:\\\/\\\/doctoralvarosanabria.com\\\/fibronasolaringoscopia\\\/\"]}]},{\"@type\":\"ImageObject\",\"inLanguage\":\"en-US\",\"@id\":\"https:\\\/\\\/doctoralvarosanabria.com\\\/fibronasolaringoscopia\\\/#primaryimage\",\"url\":\"https:\\\/\\\/click2action.com.co\\\/doctoralvaro\\\/wp-content\\\/uploads\\\/2025\\\/10\\\/Banners-INTERNA-Fibronasolaringoscopia.jpg\",\"contentUrl\":\"https:\\\/\\\/click2action.com.co\\\/doctoralvaro\\\/wp-content\\\/uploads\\\/2025\\\/10\\\/Banners-INTERNA-Fibronasolaringoscopia.jpg\"},{\"@type\":\"BreadcrumbList\",\"@id\":\"https:\\\/\\\/doctoralvarosanabria.com\\\/fibronasolaringoscopia\\\/#breadcrumb\",\"itemListElement\":[{\"@type\":\"ListItem\",\"position\":1,\"name\":\"Inicio\",\"item\":\"https:\\\/\\\/doctoralvarosanabria.com\\\/\"},{\"@type\":\"ListItem\",\"position\":2,\"name\":\"Fibronasolaringoscopia\"}]},{\"@type\":\"WebSite\",\"@id\":\"https:\\\/\\\/doctoralvarosanabria.com\\\/#website\",\"url\":\"https:\\\/\\\/doctoralvarosanabria.com\\\/\",\"name\":\"Doctor \u00c1lvaro Sanabria\",\"description\":\"\",\"publisher\":{\"@id\":\"https:\\\/\\\/doctoralvarosanabria.com\\\/#organization\"},\"potentialAction\":[{\"@type\":\"SearchAction\",\"target\":{\"@type\":\"EntryPoint\",\"urlTemplate\":\"https:\\\/\\\/doctoralvarosanabria.com\\\/?s={search_term_string}\"},\"query-input\":{\"@type\":\"PropertyValueSpecification\",\"valueRequired\":true,\"valueName\":\"search_term_string\"}}],\"inLanguage\":\"en-US\"},{\"@type\":\"Organization\",\"@id\":\"https:\\\/\\\/doctoralvarosanabria.com\\\/#organization\",\"name\":\"Doctor \u00c1lvaro Sanabria\",\"url\":\"https:\\\/\\\/doctoralvarosanabria.com\\\/\",\"logo\":{\"@type\":\"ImageObject\",\"inLanguage\":\"en-US\",\"@id\":\"https:\\\/\\\/doctoralvarosanabria.com\\\/#\\\/schema\\\/logo\\\/image\\\/\",\"url\":\"https:\\\/\\\/doctoralvarosanabria.com\\\/wp-content\\\/uploads\\\/2025\\\/09\\\/logo-doctor-1.png\",\"contentUrl\":\"https:\\\/\\\/doctoralvarosanabria.com\\\/wp-content\\\/uploads\\\/2025\\\/09\\\/logo-doctor-1.png\",\"width\":508,\"height\":120,\"caption\":\"Doctor \u00c1lvaro Sanabria\"},\"image\":{\"@id\":\"https:\\\/\\\/doctoralvarosanabria.com\\\/#\\\/schema\\\/logo\\\/image\\\/\"},\"sameAs\":[\"https:\\\/\\\/www.facebook.com\\\/share\\\/16XXpHhXgk\\\/\",\"https:\\\/\\\/www.instagram.com\\\/dr.alvaro_sanabria?igsh=NTJtdjB3ZDY2cGw1\",\"https:\\\/\\\/www.linkedin.com\\\/in\\\/alvaro-sanabria-msc-phd-b3156835?utm_source=share&utm_campaign=share_via&utm_content=profile&utm_medium=android_app\"]}]}<\/script>\n<!-- \/ Yoast SEO plugin. -->","yoast_head_json":{"title":"Fibronasolaringoscopia - Doctor \u00c1lvaro Sanabria","robots":{"index":"index","follow":"follow","max-snippet":"max-snippet:-1","max-image-preview":"max-image-preview:large","max-video-preview":"max-video-preview:-1"},"canonical":"https:\/\/doctoralvarosanabria.com\/en\/fibronasolaringoscopia\/","og_locale":"en_US","og_type":"article","og_title":"Fibronasolaringoscopia - Doctor \u00c1lvaro Sanabria","og_description":"Fibronasolaringoscopia Fibronasolaringoscopia El Diagn\u00f3stico por Fibronasolaringoscopia es un procedimiento que consiste en el estudio por fibra \u00f3ptica, de las estructuras profundas de nariz, garganta y laringe. En la mayor\u00eda de los casos el examen de Diagn\u00f3stico por Fibronasolaringoscopia se realiza f\u00e1cilmente, sin ning\u00fan dolor o molestia mayor. Ocasionalmente puede producir irritaci\u00f3n pasajera de la nariz, [&hellip;]","og_url":"https:\/\/doctoralvarosanabria.com\/en\/fibronasolaringoscopia\/","og_site_name":"Doctor \u00c1lvaro Sanabria","article_publisher":"https:\/\/www.facebook.com\/share\/16XXpHhXgk\/","article_modified_time":"2025-10-03T21:27:15+00:00","og_image":[{"url":"https:\/\/click2action.com.co\/doctoralvaro\/wp-content\/uploads\/2025\/10\/Banners-INTERNA-Fibronasolaringoscopia.jpg","type":"","width":"","height":""}],"twitter_card":"summary_large_image","twitter_misc":{"Est. reading time":"2 minutes"},"schema":{"@context":"https:\/\/schema.org","@graph":[{"@type":"WebPage","@id":"https:\/\/doctoralvarosanabria.com\/fibronasolaringoscopia\/","url":"https:\/\/doctoralvarosanabria.com\/fibronasolaringoscopia\/","name":"Fibronasolaringoscopia - Doctor \u00c1lvaro Sanabria","isPartOf":{"@id":"https:\/\/doctoralvarosanabria.com\/#website"},"primaryImageOfPage":{"@id":"https:\/\/doctoralvarosanabria.com\/fibronasolaringoscopia\/#primaryimage"},"image":{"@id":"https:\/\/doctoralvarosanabria.com\/fibronasolaringoscopia\/#primaryimage"},"thumbnailUrl":"https:\/\/click2action.com.co\/doctoralvaro\/wp-content\/uploads\/2025\/10\/Banners-INTERNA-Fibronasolaringoscopia.jpg","datePublished":"2025-10-03T21:22:18+00:00","dateModified":"2025-10-03T21:27:15+00:00","breadcrumb":{"@id":"https:\/\/doctoralvarosanabria.com\/fibronasolaringoscopia\/#breadcrumb"},"inLanguage":"en-US","potentialAction":[{"@type":"ReadAction","target":["https:\/\/doctoralvarosanabria.com\/fibronasolaringoscopia\/"]}]},{"@type":"ImageObject","inLanguage":"en-US","@id":"https:\/\/doctoralvarosanabria.com\/fibronasolaringoscopia\/#primaryimage","url":"https:\/\/click2action.com.co\/doctoralvaro\/wp-content\/uploads\/2025\/10\/Banners-INTERNA-Fibronasolaringoscopia.jpg","contentUrl":"https:\/\/click2action.com.co\/doctoralvaro\/wp-content\/uploads\/2025\/10\/Banners-INTERNA-Fibronasolaringoscopia.jpg"},{"@type":"BreadcrumbList","@id":"https:\/\/doctoralvarosanabria.com\/fibronasolaringoscopia\/#breadcrumb","itemListElement":[{"@type":"ListItem","position":1,"name":"Inicio","item":"https:\/\/doctoralvarosanabria.com\/"},{"@type":"ListItem","position":2,"name":"Fibronasolaringoscopia"}]},{"@type":"WebSite","@id":"https:\/\/doctoralvarosanabria.com\/#website","url":"https:\/\/doctoralvarosanabria.com\/","name":"Doctor \u00c1lvaro Sanabria","description":"","publisher":{"@id":"https:\/\/doctoralvarosanabria.com\/#organization"},"potentialAction":[{"@type":"SearchAction","target":{"@type":"EntryPoint","urlTemplate":"https:\/\/doctoralvarosanabria.com\/?s={search_term_string}"},"query-input":{"@type":"PropertyValueSpecification","valueRequired":true,"valueName":"search_term_string"}}],"inLanguage":"en-US"},{"@type":"Organization","@id":"https:\/\/doctoralvarosanabria.com\/#organization","name":"Doctor \u00c1lvaro Sanabria","url":"https:\/\/doctoralvarosanabria.com\/","logo":{"@type":"ImageObject","inLanguage":"en-US","@id":"https:\/\/doctoralvarosanabria.com\/#\/schema\/logo\/image\/","url":"https:\/\/doctoralvarosanabria.com\/wp-content\/uploads\/2025\/09\/logo-doctor-1.png","contentUrl":"https:\/\/doctoralvarosanabria.com\/wp-content\/uploads\/2025\/09\/logo-doctor-1.png","width":508,"height":120,"caption":"Doctor \u00c1lvaro Sanabria"},"image":{"@id":"https:\/\/doctoralvarosanabria.com\/#\/schema\/logo\/image\/"},"sameAs":["https:\/\/www.facebook.com\/share\/16XXpHhXgk\/","https:\/\/www.instagram.com\/dr.alvaro_sanabria?igsh=NTJtdjB3ZDY2cGw1","https:\/\/www.linkedin.com\/in\/alvaro-sanabria-msc-phd-b3156835?utm_source=share&utm_campaign=share_via&utm_content=profile&utm_medium=android_app"]}]}},"_links":{"self":[{"href":"https:\/\/doctoralvarosanabria.com\/en\/wp-json\/wp\/v2\/pages\/394","targetHints":{"allow":["GET"]}}],"collection":[{"href":"https:\/\/doctoralvarosanabria.com\/en\/wp-json\/wp\/v2\/pages"}],"about":[{"href":"https:\/\/doctoralvarosanabria.com\/en\/wp-json\/wp\/v2\/types\/page"}],"author":[{"embeddable":true,"href":"https:\/\/doctoralvarosanabria.com\/en\/wp-json\/wp\/v2\/users\/1"}],"replies":[{"embeddable":true,"href":"https:\/\/doctoralvarosanabria.com\/en\/wp-json\/wp\/v2\/comments?post=394"}],"version-history":[{"count":7,"href":"https:\/\/doctoralvarosanabria.com\/en\/wp-json\/wp\/v2\/pages\/394\/revisions"}],"predecessor-version":[{"id":406,"href":"https:\/\/doctoralvarosanabria.com\/en\/wp-json\/wp\/v2\/pages\/394\/revisions\/406"}],"wp:attachment":[{"href":"https:\/\/doctoralvarosanabria.com\/en\/wp-json\/wp\/v2\/media?parent=394"}],"curies":[{"name":"wp","href":"https:\/\/api.w.org\/{rel}","templated":true}]}}