{"id":453,"date":"2025-10-03T16:53:45","date_gmt":"2025-10-03T21:53:45","guid":{"rendered":"https:\/\/click2action.com.co\/doctoralvaro\/?page_id=453"},"modified":"2025-10-03T17:00:31","modified_gmt":"2025-10-03T22:00:31","slug":"ablacion-con-radiofrecuencia-para-nodulos-tiroideos","status":"publish","type":"page","link":"https:\/\/doctoralvarosanabria.com\/en\/ablacion-con-radiofrecuencia-para-nodulos-tiroideos\/","title":{"rendered":"Radiofrequency ablation for thyroid nodules"},"content":{"rendered":"<div data-elementor-type=\"wp-page\" data-elementor-id=\"453\" class=\"elementor elementor-453\" data-elementor-settings=\"{&quot;ha_cmc_init_switcher&quot;:&quot;no&quot;}\" data-elementor-post-type=\"page\">\n\t\t\t\t<div class=\"elementor-element elementor-element-87419ef e-con-full e-flex e-con e-parent\" data-id=\"87419ef\" data-element_type=\"container\" data-e-type=\"container\" data-settings=\"{&quot;_ha_eqh_enable&quot;:false}\">\n\t\t\t\t<div class=\"elementor-element elementor-element-2ac120c1 elementor-hidden-mobile elementor-widget elementor-widget-image\" data-id=\"2ac120c1\" data-element_type=\"widget\" data-e-type=\"widget\" data-widget_type=\"image.default\">\n\t\t\t\t\t\t\t\t\t\t\t\t\t\t\t<img fetchpriority=\"high\" decoding=\"async\" width=\"2560\" height=\"588\" src=\"https:\/\/doctoralvarosanabria.com\/wp-content\/uploads\/2026\/03\/Banners-ingles-18-scaled.jpg\" class=\"attachment-full size-full wp-image-456\" alt=\"\" srcset=\"https:\/\/doctoralvarosanabria.com\/wp-content\/uploads\/2026\/03\/Banners-ingles-18-scaled.jpg 2560w, https:\/\/doctoralvarosanabria.com\/wp-content\/uploads\/2026\/03\/Banners-ingles-18-300x69.jpg 300w, https:\/\/doctoralvarosanabria.com\/wp-content\/uploads\/2026\/03\/Banners-ingles-18-1024x235.jpg 1024w, https:\/\/doctoralvarosanabria.com\/wp-content\/uploads\/2026\/03\/Banners-ingles-18-768x176.jpg 768w, https:\/\/doctoralvarosanabria.com\/wp-content\/uploads\/2026\/03\/Banners-ingles-18-1536x353.jpg 1536w, https:\/\/doctoralvarosanabria.com\/wp-content\/uploads\/2026\/03\/Banners-ingles-18-2048x470.jpg 2048w, https:\/\/doctoralvarosanabria.com\/wp-content\/uploads\/2026\/03\/Banners-ingles-18-18x4.jpg 18w\" sizes=\"(max-width: 2560px) 100vw, 2560px\" \/>\t\t\t\t\t\t\t\t\t\t\t\t\t\t\t<\/div>\n\t\t\t\t<div class=\"elementor-element elementor-element-169c082f elementor-hidden-desktop elementor-hidden-tablet elementor-widget elementor-widget-image\" data-id=\"169c082f\" data-element_type=\"widget\" data-e-type=\"widget\" data-widget_type=\"image.default\">\n\t\t\t\t\t\t\t\t\t\t\t\t\t\t\t<img decoding=\"async\" width=\"480\" height=\"480\" src=\"https:\/\/doctoralvarosanabria.com\/wp-content\/uploads\/2026\/03\/Banners-ingles-41.jpg\" class=\"attachment-full size-full wp-image-457\" alt=\"\" srcset=\"https:\/\/doctoralvarosanabria.com\/wp-content\/uploads\/2026\/03\/Banners-ingles-41.jpg 1000w, https:\/\/doctoralvarosanabria.com\/wp-content\/uploads\/2026\/03\/Banners-ingles-41-300x300.jpg 300w, https:\/\/doctoralvarosanabria.com\/wp-content\/uploads\/2026\/03\/Banners-ingles-41-150x150.jpg 150w, https:\/\/doctoralvarosanabria.com\/wp-content\/uploads\/2026\/03\/Banners-ingles-41-768x768.jpg 768w, https:\/\/doctoralvarosanabria.com\/wp-content\/uploads\/2026\/03\/Banners-ingles-41-12x12.jpg 12w\" sizes=\"(max-width: 480px) 100vw, 480px\" \/>\t\t\t\t\t\t\t\t\t\t\t\t\t\t\t<\/div>\n\t\t\t\t<\/div>\n\t\t<div class=\"elementor-element elementor-element-4298690a e-flex e-con-boxed e-con e-parent\" data-id=\"4298690a\" data-element_type=\"container\" data-e-type=\"container\" data-settings=\"{&quot;background_background&quot;:&quot;classic&quot;,&quot;_ha_eqh_enable&quot;:false}\">\n\t\t\t\t\t<div class=\"e-con-inner\">\n\t\t<div class=\"elementor-element elementor-element-7d7d2100 e-con-full elementor-hidden-mobile e-flex e-con e-child\" data-id=\"7d7d2100\" data-element_type=\"container\" data-e-type=\"container\" data-settings=\"{&quot;_ha_eqh_enable&quot;:false}\">\n\t\t\t\t<div class=\"elementor-element elementor-element-ef2a0a8 elementor-widget elementor-widget-heading\" data-id=\"ef2a0a8\" data-element_type=\"widget\" data-e-type=\"widget\" data-widget_type=\"heading.default\">\n\t\t\t\t\t<h2 class=\"elementor-heading-title elementor-size-default\">Radiofrequency ablation for thyroid nodules<\/h2>\t\t\t\t<\/div>\n\t\t\t\t<div class=\"elementor-element elementor-element-34274c7f elementor-widget__width-initial elementor-absolute elementor-view-default elementor-widget elementor-widget-icon\" data-id=\"34274c7f\" data-element_type=\"widget\" data-e-type=\"widget\" data-settings=\"{&quot;_position&quot;:&quot;absolute&quot;,&quot;motion_fx_motion_fx_mouse&quot;:&quot;yes&quot;,&quot;motion_fx_mouseTrack_effect&quot;:&quot;yes&quot;,&quot;motion_fx_mouseTrack_speed&quot;:{&quot;unit&quot;:&quot;px&quot;,&quot;size&quot;:0.6,&quot;sizes&quot;:[]},&quot;motion_fx_tilt_effect&quot;:&quot;yes&quot;,&quot;motion_fx_tilt_speed&quot;:{&quot;unit&quot;:&quot;px&quot;,&quot;size&quot;:4,&quot;sizes&quot;:[]}}\" data-widget_type=\"icon.default\">\n\t\t\t\t\t\t\t<div class=\"elementor-icon-wrapper\">\n\t\t\t<div class=\"elementor-icon\">\n\t\t\t<svg xmlns=\"http:\/\/www.w3.org\/2000\/svg\" width=\"87\" height=\"87\" viewbox=\"0 0 87 87\" fill=\"none\"><circle cx=\"43.5\" cy=\"43.5\" r=\"43.5\" fill=\"#E4B464\"><\/circle><path d=\"M44.7085 21.75V67.6667\" stroke=\"white\" stroke-width=\"2\" stroke-linecap=\"round\"><\/path><path d=\"M67.6665 44.7085L21.7498 44.7085\" stroke=\"white\" stroke-width=\"2\" stroke-linecap=\"round\"><\/path><\/svg>\t\t\t<\/div>\n\t\t<\/div>\n\t\t\t\t\t\t<\/div>\n\t\t\t\t<div class=\"elementor-element elementor-element-1abda68d elementor-widget__width-initial elementor-absolute elementor-view-default elementor-widget elementor-widget-icon\" data-id=\"1abda68d\" data-element_type=\"widget\" data-e-type=\"widget\" data-settings=\"{&quot;_position&quot;:&quot;absolute&quot;,&quot;motion_fx_motion_fx_mouse&quot;:&quot;yes&quot;,&quot;motion_fx_mouseTrack_effect&quot;:&quot;yes&quot;,&quot;motion_fx_mouseTrack_direction&quot;:&quot;negative&quot;,&quot;motion_fx_mouseTrack_speed&quot;:{&quot;unit&quot;:&quot;px&quot;,&quot;size&quot;:0.6,&quot;sizes&quot;:[]},&quot;motion_fx_tilt_effect&quot;:&quot;yes&quot;,&quot;motion_fx_tilt_direction&quot;:&quot;negative&quot;,&quot;motion_fx_tilt_speed&quot;:{&quot;unit&quot;:&quot;px&quot;,&quot;size&quot;:4,&quot;sizes&quot;:[]}}\" data-widget_type=\"icon.default\">\n\t\t\t\t\t\t\t<div class=\"elementor-icon-wrapper\">\n\t\t\t<div class=\"elementor-icon\">\n\t\t\t<svg xmlns=\"http:\/\/www.w3.org\/2000\/svg\" width=\"87\" height=\"87\" viewbox=\"0 0 87 87\" fill=\"none\"><circle cx=\"43.5\" cy=\"43.5\" r=\"43.5\" fill=\"#E4B464\"><\/circle><path d=\"M44.7085 21.75V67.6667\" stroke=\"white\" stroke-width=\"2\" stroke-linecap=\"round\"><\/path><path d=\"M67.6665 44.7085L21.7498 44.7085\" stroke=\"white\" stroke-width=\"2\" stroke-linecap=\"round\"><\/path><\/svg>\t\t\t<\/div>\n\t\t<\/div>\n\t\t\t\t\t\t<\/div>\n\t\t\t\t<div class=\"elementor-element elementor-element-797fd9c8 elementor-widget elementor-widget-image\" data-id=\"797fd9c8\" data-element_type=\"widget\" data-e-type=\"widget\" data-settings=\"{&quot;motion_fx_motion_fx_mouse&quot;:&quot;yes&quot;,&quot;motion_fx_tilt_effect&quot;:&quot;yes&quot;,&quot;motion_fx_tilt_direction&quot;:&quot;negative&quot;,&quot;motion_fx_tilt_speed&quot;:{&quot;unit&quot;:&quot;px&quot;,&quot;size&quot;:4.1,&quot;sizes&quot;:[]}}\" data-widget_type=\"image.default\">\n\t\t\t\t\t\t\t\t\t\t\t\t\t\t\t<img decoding=\"async\" width=\"400\" height=\"525\" src=\"https:\/\/doctoralvarosanabria.com\/wp-content\/uploads\/2025\/10\/Group-617.png\" class=\"attachment-large size-large wp-image-458\" alt=\"\" srcset=\"https:\/\/doctoralvarosanabria.com\/wp-content\/uploads\/2025\/10\/Group-617.png 400w, https:\/\/doctoralvarosanabria.com\/wp-content\/uploads\/2025\/10\/Group-617-229x300.png 229w\" sizes=\"(max-width: 400px) 100vw, 400px\" \/>\t\t\t\t\t\t\t\t\t\t\t\t\t\t\t<\/div>\n\t\t\t\t<div class=\"elementor-element elementor-element-53aaacfd elementor-widget-mobile__width-initial elementor-absolute elementor-widget elementor-widget-image\" data-id=\"53aaacfd\" data-element_type=\"widget\" data-e-type=\"widget\" data-settings=\"{&quot;_position&quot;:&quot;absolute&quot;,&quot;motion_fx_motion_fx_mouse&quot;:&quot;yes&quot;,&quot;motion_fx_mouseTrack_effect&quot;:&quot;yes&quot;,&quot;motion_fx_mouseTrack_speed&quot;:{&quot;unit&quot;:&quot;px&quot;,&quot;size&quot;:0.5,&quot;sizes&quot;:[]}}\" data-widget_type=\"image.default\">\n\t\t\t\t\t\t\t\t\t\t\t\t\t\t\t<img loading=\"lazy\" decoding=\"async\" width=\"500\" height=\"451\" src=\"https:\/\/doctoralvarosanabria.com\/wp-content\/uploads\/2025\/10\/Group-590.png\" class=\"attachment-large size-large wp-image-339\" alt=\"\" srcset=\"https:\/\/doctoralvarosanabria.com\/wp-content\/uploads\/2025\/10\/Group-590.png 500w, https:\/\/doctoralvarosanabria.com\/wp-content\/uploads\/2025\/10\/Group-590-300x271.png 300w\" sizes=\"(max-width: 500px) 100vw, 500px\" \/>\t\t\t\t\t\t\t\t\t\t\t\t\t\t\t<\/div>\n\t\t\t\t<\/div>\n\t\t<div class=\"elementor-element elementor-element-46c8be5c e-con-full elementor-hidden-desktop elementor-hidden-tablet e-flex e-con e-child\" data-id=\"46c8be5c\" data-element_type=\"container\" data-e-type=\"container\" data-settings=\"{&quot;_ha_eqh_enable&quot;:false}\">\n\t\t\t\t<div class=\"elementor-element elementor-element-2c68602d elementor-widget elementor-widget-heading\" data-id=\"2c68602d\" data-element_type=\"widget\" data-e-type=\"widget\" data-widget_type=\"heading.default\">\n\t\t\t\t\t<h2 class=\"elementor-heading-title elementor-size-default\">Radiofrequency ablation for thyroid nodules<\/h2>\t\t\t\t<\/div>\n\t\t\t\t<div class=\"elementor-element elementor-element-4acb41b7 elementor-widget elementor-widget-image\" data-id=\"4acb41b7\" data-element_type=\"widget\" data-e-type=\"widget\" data-widget_type=\"image.default\">\n\t\t\t\t\t\t\t\t\t\t\t\t\t\t\t<img loading=\"lazy\" decoding=\"async\" width=\"442\" height=\"620\" src=\"https:\/\/doctoralvarosanabria.com\/wp-content\/uploads\/2025\/10\/Group-618.png\" class=\"attachment-large size-large wp-image-459\" alt=\"\" srcset=\"https:\/\/doctoralvarosanabria.com\/wp-content\/uploads\/2025\/10\/Group-618.png 442w, https:\/\/doctoralvarosanabria.com\/wp-content\/uploads\/2025\/10\/Group-618-214x300.png 214w\" sizes=\"(max-width: 442px) 100vw, 442px\" \/>\t\t\t\t\t\t\t\t\t\t\t\t\t\t\t<\/div>\n\t\t\t\t<\/div>\n\t\t<div class=\"elementor-element elementor-element-795fbe21 e-con-full e-flex e-con e-child\" data-id=\"795fbe21\" data-element_type=\"container\" data-e-type=\"container\" data-settings=\"{&quot;_ha_eqh_enable&quot;:false}\">\n\t\t\t\t<div class=\"elementor-element elementor-element-467440de elementor-widget elementor-widget-text-editor\" data-id=\"467440de\" data-element_type=\"widget\" data-e-type=\"widget\" data-widget_type=\"text-editor.default\">\n\t\t\t\t\t\t\t\t\t<p><strong>Radiofrequency ablation (RFA)<\/strong><\/p><p><br \/>Ultrasound-guided treatment for\u00a0<a href=\"https:\/\/doctoralvarosanabria.com\/en\/enfermedades-de-cabeza-y-cuello\/tiroides\/\" target=\"_blank\" rel=\"noopener\" data-fpl-component=\"primitive\"><span style=\"color: #00aecb;\">thyroid lesions<\/span><\/a>\u00a0is a minimally invasive outpatient treatment modality that can be an alternative to surgery in patients with benign thyroid nodules. In addition, it can also play an effective complementary role in the treatment of recurrent thyroid cancers. USG has demonstrated good efficacy and safety in the treatment of cosmetic problems related to thyroid nodules and pressure symptoms.<\/p><p><br \/>Most thyroid nodules are benign and asymptomatic; however, large thyroid nodules can cause cosmetic problems or symptoms of pressure in the neck, including pain, dysphasia, foreign body sensation, discomfort, neck swelling, and coughing. In these cases, RFA is indicated to improve clinical problems by reducing the size of the nodule. The size of a thyroid nodule or lobe appears to correlate directly with compressive symptoms. Most patients with compressive symptoms experienced improvement in symptoms after surgical removal of thyroid nodules and\/or the\u00a0<span style=\"color: #00aecb;\"><a style=\"color: #00aecb;\" href=\"https:\/\/doctoralvarosanabria.com\/en\/enfermedades-de-cabeza-y-cuello\/tiroides\/\" target=\"_blank\" rel=\"noopener\" data-fpl-component=\"primitive\">thyroid gland.<\/a><\/span>\u00a0Therefore, nodules exceeding a maximum diameter of 2 cm and continuing to grow during the follow-up period may be considered for thyroid ARF based on symptoms, cosmetic issues, and clinical concerns. In addition, ARF is not available for thyroid nodules with large calcifications, because the moving-shot technique is difficult in this circumstance. Therefore, ARF should be carefully considered for these nodules.<\/p><p><br \/>Radiofrequency ablation can be performed for curative or palliative purposes in recurrent thyroid cancers in the thyroidectomy bed and cervical lymph nodes for patients at high surgical risk or who refuse surgery. (strong recommendation, moderate quality evidence).<\/p>\t\t\t\t\t\t\t\t<\/div>\n\t\t\t\t<\/div>\n\t\t\t\t\t<\/div>\n\t\t\t\t<\/div>\n\t\t\t\t<\/div>","protected":false},"excerpt":{"rendered":"<p>Ablaci\u00f3n con radiofrecuencia para n\u00f3dulos tiroideos Ablaci\u00f3n con radiofrecuencia para n\u00f3dulos tiroideos La ablaci\u00f3n por radiofrecuencia (ARF) Guiada por ultrasonido para las\u00a0lesiones tiroideas\u00a0es una modalidad de tratamiento m\u00ednimamente invasivo ambulatorio, que puede ser una alternativa a la cirug\u00eda en pacientes con n\u00f3dulos tiroideos benignos; Adem\u00e1s, tambi\u00e9n puede tener un papel complementario eficaz en el tratamiento [&hellip;]<\/p>\n","protected":false},"author":1,"featured_media":0,"parent":0,"menu_order":0,"comment_status":"closed","ping_status":"closed","template":"","meta":{"footnotes":""},"class_list":["post-453","page","type-page","status-publish","hentry"],"yoast_head":"<!-- This site is optimized with the Yoast SEO plugin v27.5 - https:\/\/yoast.com\/product\/yoast-seo-wordpress\/ -->\n<title>Ablaci\u00f3n con radiofrecuencia para n\u00f3dulos tiroideos - Doctor \u00c1lvaro Sanabria<\/title>\n<meta name=\"robots\" content=\"index, follow, max-snippet:-1, max-image-preview:large, max-video-preview:-1\" \/>\n<link rel=\"canonical\" href=\"https:\/\/doctoralvarosanabria.com\/en\/ablacion-con-radiofrecuencia-para-nodulos-tiroideos\/\" \/>\n<meta property=\"og:locale\" content=\"en_US\" \/>\n<meta property=\"og:type\" content=\"article\" \/>\n<meta property=\"og:title\" content=\"Ablaci\u00f3n con radiofrecuencia para n\u00f3dulos tiroideos - Doctor \u00c1lvaro Sanabria\" \/>\n<meta property=\"og:description\" content=\"Ablaci\u00f3n con radiofrecuencia para n\u00f3dulos tiroideos Ablaci\u00f3n con radiofrecuencia para n\u00f3dulos tiroideos La ablaci\u00f3n por radiofrecuencia (ARF) Guiada por ultrasonido para las\u00a0lesiones tiroideas\u00a0es una modalidad de tratamiento m\u00ednimamente invasivo ambulatorio, que puede ser una alternativa a la cirug\u00eda en pacientes con n\u00f3dulos tiroideos benignos; Adem\u00e1s, tambi\u00e9n puede tener un papel complementario eficaz en el tratamiento [&hellip;]\" \/>\n<meta property=\"og:url\" content=\"https:\/\/doctoralvarosanabria.com\/en\/ablacion-con-radiofrecuencia-para-nodulos-tiroideos\/\" \/>\n<meta property=\"og:site_name\" content=\"Doctor \u00c1lvaro Sanabria\" \/>\n<meta property=\"article:publisher\" content=\"https:\/\/www.facebook.com\/share\/16XXpHhXgk\/\" \/>\n<meta property=\"article:modified_time\" content=\"2025-10-03T22:00:31+00:00\" \/>\n<meta property=\"og:image\" content=\"https:\/\/click2action.com.co\/doctoralvaro\/wp-content\/uploads\/2025\/10\/Banners-INTERNA-Ablacion-con-radiofrecuencia-para-nodulos-tiroideos.jpg\" \/>\n<meta name=\"twitter:card\" content=\"summary_large_image\" \/>\n<meta name=\"twitter:label1\" content=\"Est. reading time\" \/>\n\t<meta name=\"twitter:data1\" content=\"2 minutes\" \/>\n<script type=\"application\/ld+json\" class=\"yoast-schema-graph\">{\"@context\":\"https:\\\/\\\/schema.org\",\"@graph\":[{\"@type\":\"WebPage\",\"@id\":\"https:\\\/\\\/doctoralvarosanabria.com\\\/ablacion-con-radiofrecuencia-para-nodulos-tiroideos\\\/\",\"url\":\"https:\\\/\\\/doctoralvarosanabria.com\\\/ablacion-con-radiofrecuencia-para-nodulos-tiroideos\\\/\",\"name\":\"Ablaci\u00f3n con radiofrecuencia para n\u00f3dulos tiroideos - Doctor \u00c1lvaro Sanabria\",\"isPartOf\":{\"@id\":\"https:\\\/\\\/doctoralvarosanabria.com\\\/#website\"},\"primaryImageOfPage\":{\"@id\":\"https:\\\/\\\/doctoralvarosanabria.com\\\/ablacion-con-radiofrecuencia-para-nodulos-tiroideos\\\/#primaryimage\"},\"image\":{\"@id\":\"https:\\\/\\\/doctoralvarosanabria.com\\\/ablacion-con-radiofrecuencia-para-nodulos-tiroideos\\\/#primaryimage\"},\"thumbnailUrl\":\"https:\\\/\\\/click2action.com.co\\\/doctoralvaro\\\/wp-content\\\/uploads\\\/2025\\\/10\\\/Banners-INTERNA-Ablacion-con-radiofrecuencia-para-nodulos-tiroideos.jpg\",\"datePublished\":\"2025-10-03T21:53:45+00:00\",\"dateModified\":\"2025-10-03T22:00:31+00:00\",\"breadcrumb\":{\"@id\":\"https:\\\/\\\/doctoralvarosanabria.com\\\/ablacion-con-radiofrecuencia-para-nodulos-tiroideos\\\/#breadcrumb\"},\"inLanguage\":\"en-US\",\"potentialAction\":[{\"@type\":\"ReadAction\",\"target\":[\"https:\\\/\\\/doctoralvarosanabria.com\\\/ablacion-con-radiofrecuencia-para-nodulos-tiroideos\\\/\"]}]},{\"@type\":\"ImageObject\",\"inLanguage\":\"en-US\",\"@id\":\"https:\\\/\\\/doctoralvarosanabria.com\\\/ablacion-con-radiofrecuencia-para-nodulos-tiroideos\\\/#primaryimage\",\"url\":\"https:\\\/\\\/click2action.com.co\\\/doctoralvaro\\\/wp-content\\\/uploads\\\/2025\\\/10\\\/Banners-INTERNA-Ablacion-con-radiofrecuencia-para-nodulos-tiroideos.jpg\",\"contentUrl\":\"https:\\\/\\\/click2action.com.co\\\/doctoralvaro\\\/wp-content\\\/uploads\\\/2025\\\/10\\\/Banners-INTERNA-Ablacion-con-radiofrecuencia-para-nodulos-tiroideos.jpg\"},{\"@type\":\"BreadcrumbList\",\"@id\":\"https:\\\/\\\/doctoralvarosanabria.com\\\/ablacion-con-radiofrecuencia-para-nodulos-tiroideos\\\/#breadcrumb\",\"itemListElement\":[{\"@type\":\"ListItem\",\"position\":1,\"name\":\"Inicio\",\"item\":\"https:\\\/\\\/doctoralvarosanabria.com\\\/\"},{\"@type\":\"ListItem\",\"position\":2,\"name\":\"Ablaci\u00f3n con radiofrecuencia para n\u00f3dulos tiroideos\"}]},{\"@type\":\"WebSite\",\"@id\":\"https:\\\/\\\/doctoralvarosanabria.com\\\/#website\",\"url\":\"https:\\\/\\\/doctoralvarosanabria.com\\\/\",\"name\":\"Doctor \u00c1lvaro Sanabria\",\"description\":\"\",\"publisher\":{\"@id\":\"https:\\\/\\\/doctoralvarosanabria.com\\\/#organization\"},\"potentialAction\":[{\"@type\":\"SearchAction\",\"target\":{\"@type\":\"EntryPoint\",\"urlTemplate\":\"https:\\\/\\\/doctoralvarosanabria.com\\\/?s={search_term_string}\"},\"query-input\":{\"@type\":\"PropertyValueSpecification\",\"valueRequired\":true,\"valueName\":\"search_term_string\"}}],\"inLanguage\":\"en-US\"},{\"@type\":\"Organization\",\"@id\":\"https:\\\/\\\/doctoralvarosanabria.com\\\/#organization\",\"name\":\"Doctor \u00c1lvaro Sanabria\",\"url\":\"https:\\\/\\\/doctoralvarosanabria.com\\\/\",\"logo\":{\"@type\":\"ImageObject\",\"inLanguage\":\"en-US\",\"@id\":\"https:\\\/\\\/doctoralvarosanabria.com\\\/#\\\/schema\\\/logo\\\/image\\\/\",\"url\":\"https:\\\/\\\/doctoralvarosanabria.com\\\/wp-content\\\/uploads\\\/2025\\\/09\\\/logo-doctor-1.png\",\"contentUrl\":\"https:\\\/\\\/doctoralvarosanabria.com\\\/wp-content\\\/uploads\\\/2025\\\/09\\\/logo-doctor-1.png\",\"width\":508,\"height\":120,\"caption\":\"Doctor \u00c1lvaro Sanabria\"},\"image\":{\"@id\":\"https:\\\/\\\/doctoralvarosanabria.com\\\/#\\\/schema\\\/logo\\\/image\\\/\"},\"sameAs\":[\"https:\\\/\\\/www.facebook.com\\\/share\\\/16XXpHhXgk\\\/\",\"https:\\\/\\\/www.instagram.com\\\/dr.alvaro_sanabria?igsh=NTJtdjB3ZDY2cGw1\",\"https:\\\/\\\/www.linkedin.com\\\/in\\\/alvaro-sanabria-msc-phd-b3156835?utm_source=share&utm_campaign=share_via&utm_content=profile&utm_medium=android_app\"]}]}<\/script>\n<!-- \/ Yoast SEO plugin. -->","yoast_head_json":{"title":"Ablaci\u00f3n con radiofrecuencia para n\u00f3dulos tiroideos - Doctor \u00c1lvaro Sanabria","robots":{"index":"index","follow":"follow","max-snippet":"max-snippet:-1","max-image-preview":"max-image-preview:large","max-video-preview":"max-video-preview:-1"},"canonical":"https:\/\/doctoralvarosanabria.com\/en\/ablacion-con-radiofrecuencia-para-nodulos-tiroideos\/","og_locale":"en_US","og_type":"article","og_title":"Ablaci\u00f3n con radiofrecuencia para n\u00f3dulos tiroideos - Doctor \u00c1lvaro Sanabria","og_description":"Ablaci\u00f3n con radiofrecuencia para n\u00f3dulos tiroideos Ablaci\u00f3n con radiofrecuencia para n\u00f3dulos tiroideos La ablaci\u00f3n por radiofrecuencia (ARF) Guiada por ultrasonido para las\u00a0lesiones tiroideas\u00a0es una modalidad de tratamiento m\u00ednimamente invasivo ambulatorio, que puede ser una alternativa a la cirug\u00eda en pacientes con n\u00f3dulos tiroideos benignos; Adem\u00e1s, tambi\u00e9n puede tener un papel complementario eficaz en el tratamiento [&hellip;]","og_url":"https:\/\/doctoralvarosanabria.com\/en\/ablacion-con-radiofrecuencia-para-nodulos-tiroideos\/","og_site_name":"Doctor \u00c1lvaro Sanabria","article_publisher":"https:\/\/www.facebook.com\/share\/16XXpHhXgk\/","article_modified_time":"2025-10-03T22:00:31+00:00","og_image":[{"url":"https:\/\/click2action.com.co\/doctoralvaro\/wp-content\/uploads\/2025\/10\/Banners-INTERNA-Ablacion-con-radiofrecuencia-para-nodulos-tiroideos.jpg","type":"","width":"","height":""}],"twitter_card":"summary_large_image","twitter_misc":{"Est. reading time":"2 minutes"},"schema":{"@context":"https:\/\/schema.org","@graph":[{"@type":"WebPage","@id":"https:\/\/doctoralvarosanabria.com\/ablacion-con-radiofrecuencia-para-nodulos-tiroideos\/","url":"https:\/\/doctoralvarosanabria.com\/ablacion-con-radiofrecuencia-para-nodulos-tiroideos\/","name":"Ablaci\u00f3n con radiofrecuencia para n\u00f3dulos tiroideos - Doctor \u00c1lvaro Sanabria","isPartOf":{"@id":"https:\/\/doctoralvarosanabria.com\/#website"},"primaryImageOfPage":{"@id":"https:\/\/doctoralvarosanabria.com\/ablacion-con-radiofrecuencia-para-nodulos-tiroideos\/#primaryimage"},"image":{"@id":"https:\/\/doctoralvarosanabria.com\/ablacion-con-radiofrecuencia-para-nodulos-tiroideos\/#primaryimage"},"thumbnailUrl":"https:\/\/click2action.com.co\/doctoralvaro\/wp-content\/uploads\/2025\/10\/Banners-INTERNA-Ablacion-con-radiofrecuencia-para-nodulos-tiroideos.jpg","datePublished":"2025-10-03T21:53:45+00:00","dateModified":"2025-10-03T22:00:31+00:00","breadcrumb":{"@id":"https:\/\/doctoralvarosanabria.com\/ablacion-con-radiofrecuencia-para-nodulos-tiroideos\/#breadcrumb"},"inLanguage":"en-US","potentialAction":[{"@type":"ReadAction","target":["https:\/\/doctoralvarosanabria.com\/ablacion-con-radiofrecuencia-para-nodulos-tiroideos\/"]}]},{"@type":"ImageObject","inLanguage":"en-US","@id":"https:\/\/doctoralvarosanabria.com\/ablacion-con-radiofrecuencia-para-nodulos-tiroideos\/#primaryimage","url":"https:\/\/click2action.com.co\/doctoralvaro\/wp-content\/uploads\/2025\/10\/Banners-INTERNA-Ablacion-con-radiofrecuencia-para-nodulos-tiroideos.jpg","contentUrl":"https:\/\/click2action.com.co\/doctoralvaro\/wp-content\/uploads\/2025\/10\/Banners-INTERNA-Ablacion-con-radiofrecuencia-para-nodulos-tiroideos.jpg"},{"@type":"BreadcrumbList","@id":"https:\/\/doctoralvarosanabria.com\/ablacion-con-radiofrecuencia-para-nodulos-tiroideos\/#breadcrumb","itemListElement":[{"@type":"ListItem","position":1,"name":"Inicio","item":"https:\/\/doctoralvarosanabria.com\/"},{"@type":"ListItem","position":2,"name":"Ablaci\u00f3n con radiofrecuencia para n\u00f3dulos tiroideos"}]},{"@type":"WebSite","@id":"https:\/\/doctoralvarosanabria.com\/#website","url":"https:\/\/doctoralvarosanabria.com\/","name":"Doctor \u00c1lvaro Sanabria","description":"","publisher":{"@id":"https:\/\/doctoralvarosanabria.com\/#organization"},"potentialAction":[{"@type":"SearchAction","target":{"@type":"EntryPoint","urlTemplate":"https:\/\/doctoralvarosanabria.com\/?s={search_term_string}"},"query-input":{"@type":"PropertyValueSpecification","valueRequired":true,"valueName":"search_term_string"}}],"inLanguage":"en-US"},{"@type":"Organization","@id":"https:\/\/doctoralvarosanabria.com\/#organization","name":"Doctor \u00c1lvaro Sanabria","url":"https:\/\/doctoralvarosanabria.com\/","logo":{"@type":"ImageObject","inLanguage":"en-US","@id":"https:\/\/doctoralvarosanabria.com\/#\/schema\/logo\/image\/","url":"https:\/\/doctoralvarosanabria.com\/wp-content\/uploads\/2025\/09\/logo-doctor-1.png","contentUrl":"https:\/\/doctoralvarosanabria.com\/wp-content\/uploads\/2025\/09\/logo-doctor-1.png","width":508,"height":120,"caption":"Doctor \u00c1lvaro Sanabria"},"image":{"@id":"https:\/\/doctoralvarosanabria.com\/#\/schema\/logo\/image\/"},"sameAs":["https:\/\/www.facebook.com\/share\/16XXpHhXgk\/","https:\/\/www.instagram.com\/dr.alvaro_sanabria?igsh=NTJtdjB3ZDY2cGw1","https:\/\/www.linkedin.com\/in\/alvaro-sanabria-msc-phd-b3156835?utm_source=share&utm_campaign=share_via&utm_content=profile&utm_medium=android_app"]}]}},"_links":{"self":[{"href":"https:\/\/doctoralvarosanabria.com\/en\/wp-json\/wp\/v2\/pages\/453","targetHints":{"allow":["GET"]}}],"collection":[{"href":"https:\/\/doctoralvarosanabria.com\/en\/wp-json\/wp\/v2\/pages"}],"about":[{"href":"https:\/\/doctoralvarosanabria.com\/en\/wp-json\/wp\/v2\/types\/page"}],"author":[{"embeddable":true,"href":"https:\/\/doctoralvarosanabria.com\/en\/wp-json\/wp\/v2\/users\/1"}],"replies":[{"embeddable":true,"href":"https:\/\/doctoralvarosanabria.com\/en\/wp-json\/wp\/v2\/comments?post=453"}],"version-history":[{"count":4,"href":"https:\/\/doctoralvarosanabria.com\/en\/wp-json\/wp\/v2\/pages\/453\/revisions"}],"predecessor-version":[{"id":462,"href":"https:\/\/doctoralvarosanabria.com\/en\/wp-json\/wp\/v2\/pages\/453\/revisions\/462"}],"wp:attachment":[{"href":"https:\/\/doctoralvarosanabria.com\/en\/wp-json\/wp\/v2\/media?parent=453"}],"curies":[{"name":"wp","href":"https:\/\/api.w.org\/{rel}","templated":true}]}}