{"id":612,"date":"2025-10-06T09:14:01","date_gmt":"2025-10-06T14:14:01","guid":{"rendered":"https:\/\/click2action.com.co\/doctoralvaro\/?page_id=612"},"modified":"2025-10-06T09:16:03","modified_gmt":"2025-10-06T14:16:03","slug":"gladulas-salivales","status":"publish","type":"page","link":"https:\/\/doctoralvarosanabria.com\/en\/gladulas-salivales\/","title":{"rendered":"Gl\u00e1dulas salivales"},"content":{"rendered":"<div data-elementor-type=\"wp-page\" data-elementor-id=\"612\" class=\"elementor elementor-612\" data-elementor-settings=\"{&quot;ha_cmc_init_switcher&quot;:&quot;no&quot;}\" data-elementor-post-type=\"page\">\n\t\t\t\t<div class=\"elementor-element elementor-element-6f55f5b e-con-full e-flex e-con e-parent\" data-id=\"6f55f5b\" data-element_type=\"container\" data-e-type=\"container\" data-settings=\"{&quot;_ha_eqh_enable&quot;:false}\">\n\t\t\t\t<div class=\"elementor-element elementor-element-7793eef elementor-hidden-mobile elementor-widget elementor-widget-image\" data-id=\"7793eef\" data-element_type=\"widget\" data-e-type=\"widget\" data-widget_type=\"image.default\">\n\t\t\t\t\t\t\t\t\t\t\t\t\t\t\t<img fetchpriority=\"high\" decoding=\"async\" width=\"2560\" height=\"588\" src=\"https:\/\/doctoralvarosanabria.com\/wp-content\/uploads\/2026\/03\/Banners-ingles-10-scaled.jpg\" class=\"attachment-full size-full wp-image-618\" alt=\"\" srcset=\"https:\/\/doctoralvarosanabria.com\/wp-content\/uploads\/2026\/03\/Banners-ingles-10-scaled.jpg 2560w, https:\/\/doctoralvarosanabria.com\/wp-content\/uploads\/2026\/03\/Banners-ingles-10-300x69.jpg 300w, https:\/\/doctoralvarosanabria.com\/wp-content\/uploads\/2026\/03\/Banners-ingles-10-1024x235.jpg 1024w, https:\/\/doctoralvarosanabria.com\/wp-content\/uploads\/2026\/03\/Banners-ingles-10-768x176.jpg 768w, https:\/\/doctoralvarosanabria.com\/wp-content\/uploads\/2026\/03\/Banners-ingles-10-1536x353.jpg 1536w, https:\/\/doctoralvarosanabria.com\/wp-content\/uploads\/2026\/03\/Banners-ingles-10-2048x470.jpg 2048w, https:\/\/doctoralvarosanabria.com\/wp-content\/uploads\/2026\/03\/Banners-ingles-10-18x4.jpg 18w\" sizes=\"(max-width: 2560px) 100vw, 2560px\" \/>\t\t\t\t\t\t\t\t\t\t\t\t\t\t\t<\/div>\n\t\t\t\t<div class=\"elementor-element elementor-element-530c0a9 elementor-hidden-desktop elementor-hidden-tablet elementor-widget elementor-widget-image\" data-id=\"530c0a9\" data-element_type=\"widget\" data-e-type=\"widget\" data-widget_type=\"image.default\">\n\t\t\t\t\t\t\t\t\t\t\t\t\t\t\t<img decoding=\"async\" width=\"481\" height=\"481\" src=\"https:\/\/doctoralvarosanabria.com\/wp-content\/uploads\/2026\/03\/Banners-ingles_GLANDULAS-SALIVALES.jpg\" class=\"attachment-full size-full wp-image-617\" alt=\"\" srcset=\"https:\/\/doctoralvarosanabria.com\/wp-content\/uploads\/2026\/03\/Banners-ingles_GLANDULAS-SALIVALES.jpg 1000w, https:\/\/doctoralvarosanabria.com\/wp-content\/uploads\/2026\/03\/Banners-ingles_GLANDULAS-SALIVALES-300x300.jpg 300w, https:\/\/doctoralvarosanabria.com\/wp-content\/uploads\/2026\/03\/Banners-ingles_GLANDULAS-SALIVALES-150x150.jpg 150w, https:\/\/doctoralvarosanabria.com\/wp-content\/uploads\/2026\/03\/Banners-ingles_GLANDULAS-SALIVALES-768x768.jpg 768w, https:\/\/doctoralvarosanabria.com\/wp-content\/uploads\/2026\/03\/Banners-ingles_GLANDULAS-SALIVALES-12x12.jpg 12w\" sizes=\"(max-width: 481px) 100vw, 481px\" \/>\t\t\t\t\t\t\t\t\t\t\t\t\t\t\t<\/div>\n\t\t\t\t<\/div>\n\t\t<div class=\"elementor-element elementor-element-0f29932 e-flex e-con-boxed e-con e-parent\" data-id=\"0f29932\" data-element_type=\"container\" data-e-type=\"container\" data-settings=\"{&quot;_ha_eqh_enable&quot;:false}\">\n\t\t\t\t\t<div class=\"e-con-inner\">\n\t\t\t\t<div class=\"elementor-element elementor-element-0cc13b0 elementor-widget elementor-widget-text-editor\" data-id=\"0cc13b0\" data-element_type=\"widget\" data-e-type=\"widget\" data-widget_type=\"text-editor.default\">\n\t\t\t\t\t\t\t\t\t<p><strong>Salivary glands<\/strong><br \/><br \/>The major salivary glands, which are the parotid glands (located on either side of the face in front of the ears) and the submandibular glands (located under the jaw), are responsible for producing saliva for the digestion of food. However, there are also multiple minor salivary glands distributed throughout the mouth that perform the same function.<br \/><br \/><strong>The main diseases affecting the salivary glands are:<\/strong><br \/><br \/>a) Infections\u2028b) Inflammation\u2028c) Tumors\u2028d) Stones<br \/><br \/>Tumors can be benign or malignant, with most being benign. They usually appear after the age of 40. The most common symptoms are: appearance of a rapidly growing mass, pain, changes in facial movements (similar to the effects of facial paralysis), changes in the skin of the parotid region, and hearing changes. All of these masses are treated with surgery.<br \/><br \/>Inflammation of the glands, also called adenitis, is a condition of unknown cause that is often associated with other diseases. The main symptom is a diffuse increase in the size of the gland without any identifiable masses. Some types of inflammation correspond to sialosis, which is an increase in the size of the glands that is not painful and is associated with diseases such as cirrhosis, diabetes, and bulimia. Chronic recurrent sialadenitis corresponds to episodic and repetitive inflammation of one or more glands that usually occurs in young people. Sjogren's disease is bilateral inflammation of the glands resulting from the body's reaction against its own salivary glands. Most of these diseases are treated conservatively, and surgery is only necessary in very select cases.<br \/><br \/><strong>Other causes<\/strong><br \/><br \/>Calculi are hard formations (similar to kidney or gallbladder stones) that occur inside the ducts of the gland and obstruct the flow of saliva. The main symptoms are inflammation of the gland related to meals, pain when eating, and saliva containing stones or pus. This can trigger an infection and eventually destroy the gland. Depending on the size and location of the stone, it may be possible to remove it, or it may be necessary to remove the entire gland.<br \/><br \/>Infections can occur in an ascending manner through the salivary ducts in patients with diabetes, immunosuppression, or due to radiation or obstruction of the salivary ducts. Viral infections such as viral parotitis (mumps) and in some patients with HIV infection may also occur. The most common symptoms are inflammation associated with fever, pain, redness, and pus discharge through the gland's drainage hole. Most cases are treated with antibiotics. If episodes recur or an obstructive cause is found to explain the symptoms, surgery is necessary.<\/p>\t\t\t\t\t\t\t\t<\/div>\n\t\t\t\t\t<\/div>\n\t\t\t\t<\/div>\n\t\t\t\t<\/div>","protected":false},"excerpt":{"rendered":"<p>Gl\u00e1ndulas salivales Las\u00a0gl\u00e1ndulas salivales\u00a0mayores que corresponden a las\u00a0par\u00f3tidas\u00a0(localizadas a cada lado de la cara delante de las orejas) y las\u00a0gl\u00e1ndulas submaxilares\u00a0(localizadas debajo de la mand\u00edbula) son las encargadas de producir saliva para la digesti\u00f3n de los alimentos. No obstante, tambi\u00e9n existen m\u00faltiples\u00a0gl\u00e1ndulas salivales\u00a0menores distribuidas por toda la boca con la misma funci\u00f3n. Las principales enfermedades [&hellip;]<\/p>\n","protected":false},"author":1,"featured_media":0,"parent":0,"menu_order":0,"comment_status":"closed","ping_status":"closed","template":"","meta":{"footnotes":""},"class_list":["post-612","page","type-page","status-publish","hentry"],"yoast_head":"<!-- This site is optimized with the Yoast SEO plugin v27.5 - https:\/\/yoast.com\/product\/yoast-seo-wordpress\/ -->\n<title>Gl\u00e1dulas salivales - Doctor \u00c1lvaro Sanabria<\/title>\n<meta name=\"robots\" content=\"index, follow, max-snippet:-1, max-image-preview:large, max-video-preview:-1\" \/>\n<link rel=\"canonical\" href=\"https:\/\/doctoralvarosanabria.com\/en\/gladulas-salivales\/\" \/>\n<meta property=\"og:locale\" content=\"en_US\" \/>\n<meta property=\"og:type\" content=\"article\" \/>\n<meta property=\"og:title\" content=\"Gl\u00e1dulas salivales - Doctor \u00c1lvaro Sanabria\" \/>\n<meta property=\"og:description\" content=\"Gl\u00e1ndulas salivales Las\u00a0gl\u00e1ndulas salivales\u00a0mayores que corresponden a las\u00a0par\u00f3tidas\u00a0(localizadas a cada lado de la cara delante de las orejas) y las\u00a0gl\u00e1ndulas submaxilares\u00a0(localizadas debajo de la mand\u00edbula) son las encargadas de producir saliva para la digesti\u00f3n de los alimentos. No obstante, tambi\u00e9n existen m\u00faltiples\u00a0gl\u00e1ndulas salivales\u00a0menores distribuidas por toda la boca con la misma funci\u00f3n. Las principales enfermedades [&hellip;]\" \/>\n<meta property=\"og:url\" content=\"https:\/\/doctoralvarosanabria.com\/en\/gladulas-salivales\/\" \/>\n<meta property=\"og:site_name\" content=\"Doctor \u00c1lvaro Sanabria\" \/>\n<meta property=\"article:publisher\" content=\"https:\/\/www.facebook.com\/share\/16XXpHhXgk\/\" \/>\n<meta property=\"article:modified_time\" content=\"2025-10-06T14:16:03+00:00\" \/>\n<meta property=\"og:image\" content=\"https:\/\/click2action.com.co\/doctoralvaro\/wp-content\/uploads\/2025\/10\/Banners-INTERNA-Glandulas-Salivales.jpg\" \/>\n<meta name=\"twitter:card\" content=\"summary_large_image\" \/>\n<meta name=\"twitter:label1\" content=\"Est. reading time\" \/>\n\t<meta name=\"twitter:data1\" content=\"3 minutes\" \/>\n<script type=\"application\/ld+json\" class=\"yoast-schema-graph\">{\"@context\":\"https:\\\/\\\/schema.org\",\"@graph\":[{\"@type\":\"WebPage\",\"@id\":\"https:\\\/\\\/doctoralvarosanabria.com\\\/gladulas-salivales\\\/\",\"url\":\"https:\\\/\\\/doctoralvarosanabria.com\\\/gladulas-salivales\\\/\",\"name\":\"Gl\u00e1dulas salivales - Doctor \u00c1lvaro Sanabria\",\"isPartOf\":{\"@id\":\"https:\\\/\\\/doctoralvarosanabria.com\\\/#website\"},\"primaryImageOfPage\":{\"@id\":\"https:\\\/\\\/doctoralvarosanabria.com\\\/gladulas-salivales\\\/#primaryimage\"},\"image\":{\"@id\":\"https:\\\/\\\/doctoralvarosanabria.com\\\/gladulas-salivales\\\/#primaryimage\"},\"thumbnailUrl\":\"https:\\\/\\\/click2action.com.co\\\/doctoralvaro\\\/wp-content\\\/uploads\\\/2025\\\/10\\\/Banners-INTERNA-Glandulas-Salivales.jpg\",\"datePublished\":\"2025-10-06T14:14:01+00:00\",\"dateModified\":\"2025-10-06T14:16:03+00:00\",\"breadcrumb\":{\"@id\":\"https:\\\/\\\/doctoralvarosanabria.com\\\/gladulas-salivales\\\/#breadcrumb\"},\"inLanguage\":\"en-US\",\"potentialAction\":[{\"@type\":\"ReadAction\",\"target\":[\"https:\\\/\\\/doctoralvarosanabria.com\\\/gladulas-salivales\\\/\"]}]},{\"@type\":\"ImageObject\",\"inLanguage\":\"en-US\",\"@id\":\"https:\\\/\\\/doctoralvarosanabria.com\\\/gladulas-salivales\\\/#primaryimage\",\"url\":\"https:\\\/\\\/click2action.com.co\\\/doctoralvaro\\\/wp-content\\\/uploads\\\/2025\\\/10\\\/Banners-INTERNA-Glandulas-Salivales.jpg\",\"contentUrl\":\"https:\\\/\\\/click2action.com.co\\\/doctoralvaro\\\/wp-content\\\/uploads\\\/2025\\\/10\\\/Banners-INTERNA-Glandulas-Salivales.jpg\"},{\"@type\":\"BreadcrumbList\",\"@id\":\"https:\\\/\\\/doctoralvarosanabria.com\\\/gladulas-salivales\\\/#breadcrumb\",\"itemListElement\":[{\"@type\":\"ListItem\",\"position\":1,\"name\":\"Inicio\",\"item\":\"https:\\\/\\\/doctoralvarosanabria.com\\\/\"},{\"@type\":\"ListItem\",\"position\":2,\"name\":\"Gl\u00e1dulas salivales\"}]},{\"@type\":\"WebSite\",\"@id\":\"https:\\\/\\\/doctoralvarosanabria.com\\\/#website\",\"url\":\"https:\\\/\\\/doctoralvarosanabria.com\\\/\",\"name\":\"Doctor \u00c1lvaro Sanabria\",\"description\":\"\",\"publisher\":{\"@id\":\"https:\\\/\\\/doctoralvarosanabria.com\\\/#organization\"},\"potentialAction\":[{\"@type\":\"SearchAction\",\"target\":{\"@type\":\"EntryPoint\",\"urlTemplate\":\"https:\\\/\\\/doctoralvarosanabria.com\\\/?s={search_term_string}\"},\"query-input\":{\"@type\":\"PropertyValueSpecification\",\"valueRequired\":true,\"valueName\":\"search_term_string\"}}],\"inLanguage\":\"en-US\"},{\"@type\":\"Organization\",\"@id\":\"https:\\\/\\\/doctoralvarosanabria.com\\\/#organization\",\"name\":\"Doctor \u00c1lvaro Sanabria\",\"url\":\"https:\\\/\\\/doctoralvarosanabria.com\\\/\",\"logo\":{\"@type\":\"ImageObject\",\"inLanguage\":\"en-US\",\"@id\":\"https:\\\/\\\/doctoralvarosanabria.com\\\/#\\\/schema\\\/logo\\\/image\\\/\",\"url\":\"https:\\\/\\\/doctoralvarosanabria.com\\\/wp-content\\\/uploads\\\/2025\\\/09\\\/logo-doctor-1.png\",\"contentUrl\":\"https:\\\/\\\/doctoralvarosanabria.com\\\/wp-content\\\/uploads\\\/2025\\\/09\\\/logo-doctor-1.png\",\"width\":508,\"height\":120,\"caption\":\"Doctor \u00c1lvaro Sanabria\"},\"image\":{\"@id\":\"https:\\\/\\\/doctoralvarosanabria.com\\\/#\\\/schema\\\/logo\\\/image\\\/\"},\"sameAs\":[\"https:\\\/\\\/www.facebook.com\\\/share\\\/16XXpHhXgk\\\/\",\"https:\\\/\\\/www.instagram.com\\\/dr.alvaro_sanabria?igsh=NTJtdjB3ZDY2cGw1\",\"https:\\\/\\\/www.linkedin.com\\\/in\\\/alvaro-sanabria-msc-phd-b3156835?utm_source=share&utm_campaign=share_via&utm_content=profile&utm_medium=android_app\"]}]}<\/script>\n<!-- \/ Yoast SEO plugin. -->","yoast_head_json":{"title":"Gl\u00e1dulas salivales - Doctor \u00c1lvaro Sanabria","robots":{"index":"index","follow":"follow","max-snippet":"max-snippet:-1","max-image-preview":"max-image-preview:large","max-video-preview":"max-video-preview:-1"},"canonical":"https:\/\/doctoralvarosanabria.com\/en\/gladulas-salivales\/","og_locale":"en_US","og_type":"article","og_title":"Gl\u00e1dulas salivales - Doctor \u00c1lvaro Sanabria","og_description":"Gl\u00e1ndulas salivales Las\u00a0gl\u00e1ndulas salivales\u00a0mayores que corresponden a las\u00a0par\u00f3tidas\u00a0(localizadas a cada lado de la cara delante de las orejas) y las\u00a0gl\u00e1ndulas submaxilares\u00a0(localizadas debajo de la mand\u00edbula) son las encargadas de producir saliva para la digesti\u00f3n de los alimentos. No obstante, tambi\u00e9n existen m\u00faltiples\u00a0gl\u00e1ndulas salivales\u00a0menores distribuidas por toda la boca con la misma funci\u00f3n. Las principales enfermedades [&hellip;]","og_url":"https:\/\/doctoralvarosanabria.com\/en\/gladulas-salivales\/","og_site_name":"Doctor \u00c1lvaro Sanabria","article_publisher":"https:\/\/www.facebook.com\/share\/16XXpHhXgk\/","article_modified_time":"2025-10-06T14:16:03+00:00","og_image":[{"url":"https:\/\/click2action.com.co\/doctoralvaro\/wp-content\/uploads\/2025\/10\/Banners-INTERNA-Glandulas-Salivales.jpg","type":"","width":"","height":""}],"twitter_card":"summary_large_image","twitter_misc":{"Est. reading time":"3 minutes"},"schema":{"@context":"https:\/\/schema.org","@graph":[{"@type":"WebPage","@id":"https:\/\/doctoralvarosanabria.com\/gladulas-salivales\/","url":"https:\/\/doctoralvarosanabria.com\/gladulas-salivales\/","name":"Gl\u00e1dulas salivales - Doctor \u00c1lvaro Sanabria","isPartOf":{"@id":"https:\/\/doctoralvarosanabria.com\/#website"},"primaryImageOfPage":{"@id":"https:\/\/doctoralvarosanabria.com\/gladulas-salivales\/#primaryimage"},"image":{"@id":"https:\/\/doctoralvarosanabria.com\/gladulas-salivales\/#primaryimage"},"thumbnailUrl":"https:\/\/click2action.com.co\/doctoralvaro\/wp-content\/uploads\/2025\/10\/Banners-INTERNA-Glandulas-Salivales.jpg","datePublished":"2025-10-06T14:14:01+00:00","dateModified":"2025-10-06T14:16:03+00:00","breadcrumb":{"@id":"https:\/\/doctoralvarosanabria.com\/gladulas-salivales\/#breadcrumb"},"inLanguage":"en-US","potentialAction":[{"@type":"ReadAction","target":["https:\/\/doctoralvarosanabria.com\/gladulas-salivales\/"]}]},{"@type":"ImageObject","inLanguage":"en-US","@id":"https:\/\/doctoralvarosanabria.com\/gladulas-salivales\/#primaryimage","url":"https:\/\/click2action.com.co\/doctoralvaro\/wp-content\/uploads\/2025\/10\/Banners-INTERNA-Glandulas-Salivales.jpg","contentUrl":"https:\/\/click2action.com.co\/doctoralvaro\/wp-content\/uploads\/2025\/10\/Banners-INTERNA-Glandulas-Salivales.jpg"},{"@type":"BreadcrumbList","@id":"https:\/\/doctoralvarosanabria.com\/gladulas-salivales\/#breadcrumb","itemListElement":[{"@type":"ListItem","position":1,"name":"Inicio","item":"https:\/\/doctoralvarosanabria.com\/"},{"@type":"ListItem","position":2,"name":"Gl\u00e1dulas salivales"}]},{"@type":"WebSite","@id":"https:\/\/doctoralvarosanabria.com\/#website","url":"https:\/\/doctoralvarosanabria.com\/","name":"Doctor \u00c1lvaro Sanabria","description":"","publisher":{"@id":"https:\/\/doctoralvarosanabria.com\/#organization"},"potentialAction":[{"@type":"SearchAction","target":{"@type":"EntryPoint","urlTemplate":"https:\/\/doctoralvarosanabria.com\/?s={search_term_string}"},"query-input":{"@type":"PropertyValueSpecification","valueRequired":true,"valueName":"search_term_string"}}],"inLanguage":"en-US"},{"@type":"Organization","@id":"https:\/\/doctoralvarosanabria.com\/#organization","name":"Doctor \u00c1lvaro Sanabria","url":"https:\/\/doctoralvarosanabria.com\/","logo":{"@type":"ImageObject","inLanguage":"en-US","@id":"https:\/\/doctoralvarosanabria.com\/#\/schema\/logo\/image\/","url":"https:\/\/doctoralvarosanabria.com\/wp-content\/uploads\/2025\/09\/logo-doctor-1.png","contentUrl":"https:\/\/doctoralvarosanabria.com\/wp-content\/uploads\/2025\/09\/logo-doctor-1.png","width":508,"height":120,"caption":"Doctor \u00c1lvaro Sanabria"},"image":{"@id":"https:\/\/doctoralvarosanabria.com\/#\/schema\/logo\/image\/"},"sameAs":["https:\/\/www.facebook.com\/share\/16XXpHhXgk\/","https:\/\/www.instagram.com\/dr.alvaro_sanabria?igsh=NTJtdjB3ZDY2cGw1","https:\/\/www.linkedin.com\/in\/alvaro-sanabria-msc-phd-b3156835?utm_source=share&utm_campaign=share_via&utm_content=profile&utm_medium=android_app"]}]}},"_links":{"self":[{"href":"https:\/\/doctoralvarosanabria.com\/en\/wp-json\/wp\/v2\/pages\/612","targetHints":{"allow":["GET"]}}],"collection":[{"href":"https:\/\/doctoralvarosanabria.com\/en\/wp-json\/wp\/v2\/pages"}],"about":[{"href":"https:\/\/doctoralvarosanabria.com\/en\/wp-json\/wp\/v2\/types\/page"}],"author":[{"embeddable":true,"href":"https:\/\/doctoralvarosanabria.com\/en\/wp-json\/wp\/v2\/users\/1"}],"replies":[{"embeddable":true,"href":"https:\/\/doctoralvarosanabria.com\/en\/wp-json\/wp\/v2\/comments?post=612"}],"version-history":[{"count":7,"href":"https:\/\/doctoralvarosanabria.com\/en\/wp-json\/wp\/v2\/pages\/612\/revisions"}],"predecessor-version":[{"id":621,"href":"https:\/\/doctoralvarosanabria.com\/en\/wp-json\/wp\/v2\/pages\/612\/revisions\/621"}],"wp:attachment":[{"href":"https:\/\/doctoralvarosanabria.com\/en\/wp-json\/wp\/v2\/media?parent=612"}],"curies":[{"name":"wp","href":"https:\/\/api.w.org\/{rel}","templated":true}]}}