{"id":707,"date":"2025-11-18T11:19:30","date_gmt":"2025-11-18T16:19:30","guid":{"rendered":"https:\/\/click2action.com.co\/doctoralvaro\/?page_id=707"},"modified":"2025-11-18T15:49:02","modified_gmt":"2025-11-18T20:49:02","slug":"mir-thype","status":"publish","type":"page","link":"https:\/\/doctoralvarosanabria.com\/en\/mir-thype\/","title":{"rendered":"Mir-thype"},"content":{"rendered":"<div data-elementor-type=\"wp-page\" data-elementor-id=\"707\" class=\"elementor elementor-707\" data-elementor-settings=\"{&quot;ha_cmc_init_switcher&quot;:&quot;no&quot;}\" data-elementor-post-type=\"page\">\n\t\t\t\t<div class=\"elementor-element elementor-element-740def4 e-con-full e-flex e-con e-parent\" data-id=\"740def4\" data-element_type=\"container\" data-e-type=\"container\" data-settings=\"{&quot;_ha_eqh_enable&quot;:false}\">\n\t\t\t\t<div class=\"elementor-element elementor-element-845b35d elementor-hidden-mobile elementor-widget elementor-widget-image\" data-id=\"845b35d\" data-element_type=\"widget\" data-e-type=\"widget\" data-widget_type=\"image.default\">\n\t\t\t\t\t\t\t\t\t\t\t\t\t\t\t<img fetchpriority=\"high\" decoding=\"async\" width=\"2560\" height=\"588\" src=\"https:\/\/doctoralvarosanabria.com\/wp-content\/uploads\/2026\/03\/Banners-ingles-49-scaled.jpg\" class=\"attachment-full size-full wp-image-729\" alt=\"\" srcset=\"https:\/\/doctoralvarosanabria.com\/wp-content\/uploads\/2026\/03\/Banners-ingles-49-scaled.jpg 2560w, https:\/\/doctoralvarosanabria.com\/wp-content\/uploads\/2026\/03\/Banners-ingles-49-300x69.jpg 300w, https:\/\/doctoralvarosanabria.com\/wp-content\/uploads\/2026\/03\/Banners-ingles-49-1024x235.jpg 1024w, https:\/\/doctoralvarosanabria.com\/wp-content\/uploads\/2026\/03\/Banners-ingles-49-768x176.jpg 768w, https:\/\/doctoralvarosanabria.com\/wp-content\/uploads\/2026\/03\/Banners-ingles-49-1536x353.jpg 1536w, https:\/\/doctoralvarosanabria.com\/wp-content\/uploads\/2026\/03\/Banners-ingles-49-2048x470.jpg 2048w, https:\/\/doctoralvarosanabria.com\/wp-content\/uploads\/2026\/03\/Banners-ingles-49-18x4.jpg 18w\" sizes=\"(max-width: 2560px) 100vw, 2560px\" \/>\t\t\t\t\t\t\t\t\t\t\t\t\t\t\t<\/div>\n\t\t\t\t<div class=\"elementor-element elementor-element-4c52917 elementor-hidden-desktop elementor-hidden-tablet elementor-widget elementor-widget-image\" data-id=\"4c52917\" data-element_type=\"widget\" data-e-type=\"widget\" data-widget_type=\"image.default\">\n\t\t\t\t\t\t\t\t\t\t\t\t\t\t\t<img decoding=\"async\" width=\"480\" height=\"480\" src=\"https:\/\/doctoralvarosanabria.com\/wp-content\/uploads\/2026\/03\/Banners-ingles-50.jpg\" class=\"attachment-full size-full wp-image-728\" alt=\"\" srcset=\"https:\/\/doctoralvarosanabria.com\/wp-content\/uploads\/2026\/03\/Banners-ingles-50.jpg 1000w, https:\/\/doctoralvarosanabria.com\/wp-content\/uploads\/2026\/03\/Banners-ingles-50-300x300.jpg 300w, https:\/\/doctoralvarosanabria.com\/wp-content\/uploads\/2026\/03\/Banners-ingles-50-150x150.jpg 150w, https:\/\/doctoralvarosanabria.com\/wp-content\/uploads\/2026\/03\/Banners-ingles-50-768x768.jpg 768w, https:\/\/doctoralvarosanabria.com\/wp-content\/uploads\/2026\/03\/Banners-ingles-50-12x12.jpg 12w\" sizes=\"(max-width: 480px) 100vw, 480px\" \/>\t\t\t\t\t\t\t\t\t\t\t\t\t\t\t<\/div>\n\t\t\t\t<\/div>\n\t\t<div class=\"elementor-element elementor-element-a1fb128 e-flex e-con-boxed e-con e-parent\" data-id=\"a1fb128\" data-element_type=\"container\" data-e-type=\"container\" data-settings=\"{&quot;background_background&quot;:&quot;classic&quot;,&quot;_ha_eqh_enable&quot;:false}\">\n\t\t\t\t\t<div class=\"e-con-inner\">\n\t\t<div class=\"elementor-element elementor-element-9a2cda1 e-con-full elementor-hidden-mobile e-flex e-con e-child\" data-id=\"9a2cda1\" data-element_type=\"container\" data-e-type=\"container\" data-settings=\"{&quot;_ha_eqh_enable&quot;:false}\">\n\t\t\t\t<div class=\"elementor-element elementor-element-8668477 elementor-widget elementor-widget-heading\" data-id=\"8668477\" data-element_type=\"widget\" data-e-type=\"widget\" data-widget_type=\"heading.default\">\n\t\t\t\t\t<h2 class=\"elementor-heading-title elementor-size-default\">What is mir-THYpe\u00ae?<\/h2>\t\t\t\t<\/div>\n\t\t\t\t<div class=\"elementor-element elementor-element-64e960f elementor-widget__width-initial elementor-absolute elementor-view-default elementor-widget elementor-widget-icon\" data-id=\"64e960f\" data-element_type=\"widget\" data-e-type=\"widget\" data-settings=\"{&quot;_position&quot;:&quot;absolute&quot;,&quot;motion_fx_motion_fx_mouse&quot;:&quot;yes&quot;,&quot;motion_fx_mouseTrack_effect&quot;:&quot;yes&quot;,&quot;motion_fx_mouseTrack_speed&quot;:{&quot;unit&quot;:&quot;px&quot;,&quot;size&quot;:0.6,&quot;sizes&quot;:[]},&quot;motion_fx_tilt_effect&quot;:&quot;yes&quot;,&quot;motion_fx_tilt_speed&quot;:{&quot;unit&quot;:&quot;px&quot;,&quot;size&quot;:4,&quot;sizes&quot;:[]}}\" data-widget_type=\"icon.default\">\n\t\t\t\t\t\t\t<div class=\"elementor-icon-wrapper\">\n\t\t\t<div class=\"elementor-icon\">\n\t\t\t<svg xmlns=\"http:\/\/www.w3.org\/2000\/svg\" width=\"87\" height=\"87\" viewbox=\"0 0 87 87\" fill=\"none\"><circle cx=\"43.5\" cy=\"43.5\" r=\"43.5\" fill=\"#E4B464\"><\/circle><path d=\"M44.7085 21.75V67.6667\" stroke=\"white\" stroke-width=\"2\" stroke-linecap=\"round\"><\/path><path d=\"M67.6665 44.7085L21.7498 44.7085\" stroke=\"white\" stroke-width=\"2\" stroke-linecap=\"round\"><\/path><\/svg>\t\t\t<\/div>\n\t\t<\/div>\n\t\t\t\t\t\t<\/div>\n\t\t\t\t<div class=\"elementor-element elementor-element-2b296f9 elementor-widget__width-initial elementor-absolute elementor-view-default elementor-widget elementor-widget-icon\" data-id=\"2b296f9\" data-element_type=\"widget\" data-e-type=\"widget\" data-settings=\"{&quot;_position&quot;:&quot;absolute&quot;,&quot;motion_fx_motion_fx_mouse&quot;:&quot;yes&quot;,&quot;motion_fx_mouseTrack_effect&quot;:&quot;yes&quot;,&quot;motion_fx_mouseTrack_direction&quot;:&quot;negative&quot;,&quot;motion_fx_mouseTrack_speed&quot;:{&quot;unit&quot;:&quot;px&quot;,&quot;size&quot;:0.6,&quot;sizes&quot;:[]},&quot;motion_fx_tilt_effect&quot;:&quot;yes&quot;,&quot;motion_fx_tilt_direction&quot;:&quot;negative&quot;,&quot;motion_fx_tilt_speed&quot;:{&quot;unit&quot;:&quot;px&quot;,&quot;size&quot;:4,&quot;sizes&quot;:[]}}\" data-widget_type=\"icon.default\">\n\t\t\t\t\t\t\t<div class=\"elementor-icon-wrapper\">\n\t\t\t<div class=\"elementor-icon\">\n\t\t\t<svg xmlns=\"http:\/\/www.w3.org\/2000\/svg\" width=\"87\" height=\"87\" viewbox=\"0 0 87 87\" fill=\"none\"><circle cx=\"43.5\" cy=\"43.5\" r=\"43.5\" fill=\"#E4B464\"><\/circle><path d=\"M44.7085 21.75V67.6667\" stroke=\"white\" stroke-width=\"2\" stroke-linecap=\"round\"><\/path><path d=\"M67.6665 44.7085L21.7498 44.7085\" stroke=\"white\" stroke-width=\"2\" stroke-linecap=\"round\"><\/path><\/svg>\t\t\t<\/div>\n\t\t<\/div>\n\t\t\t\t\t\t<\/div>\n\t\t\t\t<div class=\"elementor-element elementor-element-830ead9 elementor-widget elementor-widget-image\" data-id=\"830ead9\" data-element_type=\"widget\" data-e-type=\"widget\" data-settings=\"{&quot;motion_fx_motion_fx_mouse&quot;:&quot;yes&quot;,&quot;motion_fx_tilt_effect&quot;:&quot;yes&quot;,&quot;motion_fx_tilt_direction&quot;:&quot;negative&quot;,&quot;motion_fx_tilt_speed&quot;:{&quot;unit&quot;:&quot;px&quot;,&quot;size&quot;:4.1,&quot;sizes&quot;:[]}}\" data-widget_type=\"image.default\">\n\t\t\t\t\t\t\t\t\t\t\t\t\t\t\t<img decoding=\"async\" width=\"400\" height=\"522\" src=\"https:\/\/doctoralvarosanabria.com\/wp-content\/uploads\/2025\/11\/Group-635-1.png\" class=\"attachment-large size-large wp-image-710\" alt=\"\" srcset=\"https:\/\/doctoralvarosanabria.com\/wp-content\/uploads\/2025\/11\/Group-635-1.png 400w, https:\/\/doctoralvarosanabria.com\/wp-content\/uploads\/2025\/11\/Group-635-1-230x300.png 230w\" sizes=\"(max-width: 400px) 100vw, 400px\" \/>\t\t\t\t\t\t\t\t\t\t\t\t\t\t\t<\/div>\n\t\t\t\t<div class=\"elementor-element elementor-element-7d33f1a elementor-widget-mobile__width-initial elementor-absolute elementor-widget elementor-widget-image\" data-id=\"7d33f1a\" data-element_type=\"widget\" data-e-type=\"widget\" data-settings=\"{&quot;_position&quot;:&quot;absolute&quot;,&quot;motion_fx_motion_fx_mouse&quot;:&quot;yes&quot;,&quot;motion_fx_mouseTrack_effect&quot;:&quot;yes&quot;,&quot;motion_fx_mouseTrack_speed&quot;:{&quot;unit&quot;:&quot;px&quot;,&quot;size&quot;:0.5,&quot;sizes&quot;:[]}}\" data-widget_type=\"image.default\">\n\t\t\t\t\t\t\t\t\t\t\t\t\t\t\t<img loading=\"lazy\" decoding=\"async\" width=\"500\" height=\"451\" src=\"https:\/\/doctoralvarosanabria.com\/wp-content\/uploads\/2025\/10\/Group-590.png\" class=\"attachment-large size-large wp-image-339\" alt=\"\" srcset=\"https:\/\/doctoralvarosanabria.com\/wp-content\/uploads\/2025\/10\/Group-590.png 500w, https:\/\/doctoralvarosanabria.com\/wp-content\/uploads\/2025\/10\/Group-590-300x271.png 300w\" sizes=\"(max-width: 500px) 100vw, 500px\" \/>\t\t\t\t\t\t\t\t\t\t\t\t\t\t\t<\/div>\n\t\t\t\t<\/div>\n\t\t<div class=\"elementor-element elementor-element-71ed331 e-con-full elementor-hidden-desktop elementor-hidden-tablet e-flex e-con e-child\" data-id=\"71ed331\" data-element_type=\"container\" data-e-type=\"container\" data-settings=\"{&quot;_ha_eqh_enable&quot;:false}\">\n\t\t\t\t<div class=\"elementor-element elementor-element-5346e4b elementor-widget elementor-widget-heading\" data-id=\"5346e4b\" data-element_type=\"widget\" data-e-type=\"widget\" data-widget_type=\"heading.default\">\n\t\t\t\t\t<h2 class=\"elementor-heading-title elementor-size-default\">What is mir-THYpe\u00ae?<\/h2>\t\t\t\t<\/div>\n\t\t\t\t<div class=\"elementor-element elementor-element-07e8124 elementor-widget elementor-widget-image\" data-id=\"07e8124\" data-element_type=\"widget\" data-e-type=\"widget\" data-widget_type=\"image.default\">\n\t\t\t\t\t\t\t\t\t\t\t\t\t\t\t<img loading=\"lazy\" decoding=\"async\" width=\"442\" height=\"618\" src=\"https:\/\/doctoralvarosanabria.com\/wp-content\/uploads\/2025\/11\/Group-647.png\" class=\"attachment-large size-large wp-image-711\" alt=\"\" srcset=\"https:\/\/doctoralvarosanabria.com\/wp-content\/uploads\/2025\/11\/Group-647.png 442w, https:\/\/doctoralvarosanabria.com\/wp-content\/uploads\/2025\/11\/Group-647-215x300.png 215w\" sizes=\"(max-width: 442px) 100vw, 442px\" \/>\t\t\t\t\t\t\t\t\t\t\t\t\t\t\t<\/div>\n\t\t\t\t<\/div>\n\t\t<div class=\"elementor-element elementor-element-2ca282f e-con-full e-flex e-con e-child\" data-id=\"2ca282f\" data-element_type=\"container\" data-e-type=\"container\" data-settings=\"{&quot;_ha_eqh_enable&quot;:false}\">\n\t\t\t\t<div class=\"elementor-element elementor-element-6c995a8 elementor-widget elementor-widget-text-editor\" data-id=\"6c995a8\" data-element_type=\"widget\" data-e-type=\"widget\" data-widget_type=\"text-editor.default\">\n\t\t\t\t\t\t\t\t\t<p>It is a molecular test based on microRNAs that analyzes fine needle aspiration biopsy (FNAB) material to determine whether a thyroid nodule classified as Bethesda III or IV has benign or malignant characteristics.<\/p><p><br \/>No new puncture is required: it is performed using the same sample already obtained in the FNA.<\/p><p><br \/><strong>Key benefits<\/strong><\/p><ul role=\"list\"><li>Avoid unnecessary surgeries: reduce avoidable surgical procedures by up to 75%.<\/li><li>High diagnostic accuracy: negative predictive value of 96% and positive predictive value of 76%.<\/li><li>Based on international clinical evidence and recommended by guidelines from the American Thyroid Association (ATA) and NCCN.<\/li><li>Supports surgical planning: identifies markers associated with aggressive tumors, optimizing therapeutic decision-making.<\/li><\/ul><p><strong>Molecular markers analyzed<\/strong><\/p><ul role=\"list\"><li>miR-375: associated with medullary carcinoma.<\/li><li>miR-146b: associated with risk of papillary carcinoma.<\/li><li>BRAF V600E and TERT C228T\/C250T: mutations linked to increased tumor aggressiveness.<\/li><\/ul><p><strong>Molecular markers analyzed<\/strong><\/p><ul role=\"list\"><li>miR-375: associated with medullary carcinoma.<\/li><li>miR-146b: associated with risk of papillary carcinoma.<\/li><li>BRAF V600E and TERT C228T\/C250T: mutations linked to increased tumor aggressiveness.<\/li><\/ul>\t\t\t\t\t\t\t\t<\/div>\n\t\t\t\t<\/div>\n\t\t\t\t\t<\/div>\n\t\t\t\t<\/div>\n\t\t<div class=\"elementor-element elementor-element-76861ab e-flex e-con-boxed e-con e-parent\" data-id=\"76861ab\" data-element_type=\"container\" data-e-type=\"container\" data-settings=\"{&quot;background_background&quot;:&quot;classic&quot;,&quot;_ha_eqh_enable&quot;:false}\">\n\t\t\t\t\t<div class=\"e-con-inner\">\n\t\t<div class=\"elementor-element elementor-element-cd65370 e-con-full e-flex e-con e-child\" data-id=\"cd65370\" data-element_type=\"container\" data-e-type=\"container\" data-settings=\"{&quot;background_background&quot;:&quot;classic&quot;,&quot;_ha_eqh_enable&quot;:false}\">\n\t\t\t\t<div class=\"elementor-element elementor-element-6426425 elementor-widget elementor-widget-text-editor\" data-id=\"6426425\" data-element_type=\"widget\" data-e-type=\"widget\" data-widget_type=\"text-editor.default\">\n\t\t\t\t\t\t\t\t\t<p>Recommended for patients with Bethesda III or IV cytology results, when there is uncertainty about the need for surgery.<\/p>\t\t\t\t\t\t\t\t<\/div>\n\t\t\t\t<\/div>\n\t\t\t\t\t<\/div>\n\t\t\t\t<\/div>\n\t\t\t\t<\/div>","protected":false},"excerpt":{"rendered":"<p>\u00bfQu\u00e9 es mir-THYpe\u00ae? \u00bfQu\u00e9 es mir-THYpe\u00ae? Es una prueba molecular basada en microARNs que analiza el material de la biopsia por aspiraci\u00f3n (PAAF) para determinar si un n\u00f3dulo tiroideo clasificado como Bethesda III o IV tiene caracter\u00edsticas benignas o malignas. No requiere una nueva punci\u00f3n: se realiza con la misma muestra ya obtenida en la [&hellip;]<\/p>\n","protected":false},"author":1,"featured_media":0,"parent":0,"menu_order":0,"comment_status":"closed","ping_status":"closed","template":"","meta":{"footnotes":""},"class_list":["post-707","page","type-page","status-publish","hentry"],"yoast_head":"<!-- This site is optimized with the Yoast SEO plugin v27.5 - https:\/\/yoast.com\/product\/yoast-seo-wordpress\/ -->\n<title>Mir-thype - Doctor \u00c1lvaro Sanabria<\/title>\n<meta name=\"robots\" content=\"index, follow, max-snippet:-1, max-image-preview:large, max-video-preview:-1\" \/>\n<link rel=\"canonical\" href=\"https:\/\/doctoralvarosanabria.com\/en\/mir-thype\/\" \/>\n<meta property=\"og:locale\" content=\"en_US\" \/>\n<meta property=\"og:type\" content=\"article\" \/>\n<meta property=\"og:title\" content=\"Mir-thype - Doctor \u00c1lvaro Sanabria\" \/>\n<meta property=\"og:description\" content=\"\u00bfQu\u00e9 es mir-THYpe\u00ae? \u00bfQu\u00e9 es mir-THYpe\u00ae? Es una prueba molecular basada en microARNs que analiza el material de la biopsia por aspiraci\u00f3n (PAAF) para determinar si un n\u00f3dulo tiroideo clasificado como Bethesda III o IV tiene caracter\u00edsticas benignas o malignas. No requiere una nueva punci\u00f3n: se realiza con la misma muestra ya obtenida en la [&hellip;]\" \/>\n<meta property=\"og:url\" content=\"https:\/\/doctoralvarosanabria.com\/en\/mir-thype\/\" \/>\n<meta property=\"og:site_name\" content=\"Doctor \u00c1lvaro Sanabria\" \/>\n<meta property=\"article:publisher\" content=\"https:\/\/www.facebook.com\/share\/16XXpHhXgk\/\" \/>\n<meta property=\"article:modified_time\" content=\"2025-11-18T20:49:02+00:00\" \/>\n<meta property=\"og:image\" content=\"https:\/\/click2action.com.co\/doctoralvaro\/wp-content\/uploads\/2025\/11\/Group-635-1.png\" \/>\n<meta name=\"twitter:card\" content=\"summary_large_image\" \/>\n<meta name=\"twitter:label1\" content=\"Est. reading time\" \/>\n\t<meta name=\"twitter:data1\" content=\"1 minute\" \/>\n<script type=\"application\/ld+json\" class=\"yoast-schema-graph\">{\"@context\":\"https:\\\/\\\/schema.org\",\"@graph\":[{\"@type\":\"WebPage\",\"@id\":\"https:\\\/\\\/doctoralvarosanabria.com\\\/mir-thype\\\/\",\"url\":\"https:\\\/\\\/doctoralvarosanabria.com\\\/mir-thype\\\/\",\"name\":\"Mir-thype - Doctor \u00c1lvaro Sanabria\",\"isPartOf\":{\"@id\":\"https:\\\/\\\/doctoralvarosanabria.com\\\/#website\"},\"primaryImageOfPage\":{\"@id\":\"https:\\\/\\\/doctoralvarosanabria.com\\\/mir-thype\\\/#primaryimage\"},\"image\":{\"@id\":\"https:\\\/\\\/doctoralvarosanabria.com\\\/mir-thype\\\/#primaryimage\"},\"thumbnailUrl\":\"https:\\\/\\\/click2action.com.co\\\/doctoralvaro\\\/wp-content\\\/uploads\\\/2025\\\/11\\\/Group-635-1.png\",\"datePublished\":\"2025-11-18T16:19:30+00:00\",\"dateModified\":\"2025-11-18T20:49:02+00:00\",\"breadcrumb\":{\"@id\":\"https:\\\/\\\/doctoralvarosanabria.com\\\/mir-thype\\\/#breadcrumb\"},\"inLanguage\":\"en-US\",\"potentialAction\":[{\"@type\":\"ReadAction\",\"target\":[\"https:\\\/\\\/doctoralvarosanabria.com\\\/mir-thype\\\/\"]}]},{\"@type\":\"ImageObject\",\"inLanguage\":\"en-US\",\"@id\":\"https:\\\/\\\/doctoralvarosanabria.com\\\/mir-thype\\\/#primaryimage\",\"url\":\"https:\\\/\\\/click2action.com.co\\\/doctoralvaro\\\/wp-content\\\/uploads\\\/2025\\\/11\\\/Group-635-1.png\",\"contentUrl\":\"https:\\\/\\\/click2action.com.co\\\/doctoralvaro\\\/wp-content\\\/uploads\\\/2025\\\/11\\\/Group-635-1.png\"},{\"@type\":\"BreadcrumbList\",\"@id\":\"https:\\\/\\\/doctoralvarosanabria.com\\\/mir-thype\\\/#breadcrumb\",\"itemListElement\":[{\"@type\":\"ListItem\",\"position\":1,\"name\":\"Inicio\",\"item\":\"https:\\\/\\\/doctoralvarosanabria.com\\\/\"},{\"@type\":\"ListItem\",\"position\":2,\"name\":\"Mir-thype\"}]},{\"@type\":\"WebSite\",\"@id\":\"https:\\\/\\\/doctoralvarosanabria.com\\\/#website\",\"url\":\"https:\\\/\\\/doctoralvarosanabria.com\\\/\",\"name\":\"Doctor \u00c1lvaro Sanabria\",\"description\":\"\",\"publisher\":{\"@id\":\"https:\\\/\\\/doctoralvarosanabria.com\\\/#organization\"},\"potentialAction\":[{\"@type\":\"SearchAction\",\"target\":{\"@type\":\"EntryPoint\",\"urlTemplate\":\"https:\\\/\\\/doctoralvarosanabria.com\\\/?s={search_term_string}\"},\"query-input\":{\"@type\":\"PropertyValueSpecification\",\"valueRequired\":true,\"valueName\":\"search_term_string\"}}],\"inLanguage\":\"en-US\"},{\"@type\":\"Organization\",\"@id\":\"https:\\\/\\\/doctoralvarosanabria.com\\\/#organization\",\"name\":\"Doctor \u00c1lvaro Sanabria\",\"url\":\"https:\\\/\\\/doctoralvarosanabria.com\\\/\",\"logo\":{\"@type\":\"ImageObject\",\"inLanguage\":\"en-US\",\"@id\":\"https:\\\/\\\/doctoralvarosanabria.com\\\/#\\\/schema\\\/logo\\\/image\\\/\",\"url\":\"https:\\\/\\\/doctoralvarosanabria.com\\\/wp-content\\\/uploads\\\/2025\\\/09\\\/logo-doctor-1.png\",\"contentUrl\":\"https:\\\/\\\/doctoralvarosanabria.com\\\/wp-content\\\/uploads\\\/2025\\\/09\\\/logo-doctor-1.png\",\"width\":508,\"height\":120,\"caption\":\"Doctor \u00c1lvaro Sanabria\"},\"image\":{\"@id\":\"https:\\\/\\\/doctoralvarosanabria.com\\\/#\\\/schema\\\/logo\\\/image\\\/\"},\"sameAs\":[\"https:\\\/\\\/www.facebook.com\\\/share\\\/16XXpHhXgk\\\/\",\"https:\\\/\\\/www.instagram.com\\\/dr.alvaro_sanabria?igsh=NTJtdjB3ZDY2cGw1\",\"https:\\\/\\\/www.linkedin.com\\\/in\\\/alvaro-sanabria-msc-phd-b3156835?utm_source=share&utm_campaign=share_via&utm_content=profile&utm_medium=android_app\"]}]}<\/script>\n<!-- \/ Yoast SEO plugin. -->","yoast_head_json":{"title":"Mir-thype - Doctor \u00c1lvaro Sanabria","robots":{"index":"index","follow":"follow","max-snippet":"max-snippet:-1","max-image-preview":"max-image-preview:large","max-video-preview":"max-video-preview:-1"},"canonical":"https:\/\/doctoralvarosanabria.com\/en\/mir-thype\/","og_locale":"en_US","og_type":"article","og_title":"Mir-thype - Doctor \u00c1lvaro Sanabria","og_description":"\u00bfQu\u00e9 es mir-THYpe\u00ae? \u00bfQu\u00e9 es mir-THYpe\u00ae? Es una prueba molecular basada en microARNs que analiza el material de la biopsia por aspiraci\u00f3n (PAAF) para determinar si un n\u00f3dulo tiroideo clasificado como Bethesda III o IV tiene caracter\u00edsticas benignas o malignas. No requiere una nueva punci\u00f3n: se realiza con la misma muestra ya obtenida en la [&hellip;]","og_url":"https:\/\/doctoralvarosanabria.com\/en\/mir-thype\/","og_site_name":"Doctor \u00c1lvaro Sanabria","article_publisher":"https:\/\/www.facebook.com\/share\/16XXpHhXgk\/","article_modified_time":"2025-11-18T20:49:02+00:00","og_image":[{"url":"https:\/\/click2action.com.co\/doctoralvaro\/wp-content\/uploads\/2025\/11\/Group-635-1.png","type":"","width":"","height":""}],"twitter_card":"summary_large_image","twitter_misc":{"Est. reading time":"1 minute"},"schema":{"@context":"https:\/\/schema.org","@graph":[{"@type":"WebPage","@id":"https:\/\/doctoralvarosanabria.com\/mir-thype\/","url":"https:\/\/doctoralvarosanabria.com\/mir-thype\/","name":"Mir-thype - Doctor \u00c1lvaro Sanabria","isPartOf":{"@id":"https:\/\/doctoralvarosanabria.com\/#website"},"primaryImageOfPage":{"@id":"https:\/\/doctoralvarosanabria.com\/mir-thype\/#primaryimage"},"image":{"@id":"https:\/\/doctoralvarosanabria.com\/mir-thype\/#primaryimage"},"thumbnailUrl":"https:\/\/click2action.com.co\/doctoralvaro\/wp-content\/uploads\/2025\/11\/Group-635-1.png","datePublished":"2025-11-18T16:19:30+00:00","dateModified":"2025-11-18T20:49:02+00:00","breadcrumb":{"@id":"https:\/\/doctoralvarosanabria.com\/mir-thype\/#breadcrumb"},"inLanguage":"en-US","potentialAction":[{"@type":"ReadAction","target":["https:\/\/doctoralvarosanabria.com\/mir-thype\/"]}]},{"@type":"ImageObject","inLanguage":"en-US","@id":"https:\/\/doctoralvarosanabria.com\/mir-thype\/#primaryimage","url":"https:\/\/click2action.com.co\/doctoralvaro\/wp-content\/uploads\/2025\/11\/Group-635-1.png","contentUrl":"https:\/\/click2action.com.co\/doctoralvaro\/wp-content\/uploads\/2025\/11\/Group-635-1.png"},{"@type":"BreadcrumbList","@id":"https:\/\/doctoralvarosanabria.com\/mir-thype\/#breadcrumb","itemListElement":[{"@type":"ListItem","position":1,"name":"Inicio","item":"https:\/\/doctoralvarosanabria.com\/"},{"@type":"ListItem","position":2,"name":"Mir-thype"}]},{"@type":"WebSite","@id":"https:\/\/doctoralvarosanabria.com\/#website","url":"https:\/\/doctoralvarosanabria.com\/","name":"Doctor \u00c1lvaro Sanabria","description":"","publisher":{"@id":"https:\/\/doctoralvarosanabria.com\/#organization"},"potentialAction":[{"@type":"SearchAction","target":{"@type":"EntryPoint","urlTemplate":"https:\/\/doctoralvarosanabria.com\/?s={search_term_string}"},"query-input":{"@type":"PropertyValueSpecification","valueRequired":true,"valueName":"search_term_string"}}],"inLanguage":"en-US"},{"@type":"Organization","@id":"https:\/\/doctoralvarosanabria.com\/#organization","name":"Doctor \u00c1lvaro Sanabria","url":"https:\/\/doctoralvarosanabria.com\/","logo":{"@type":"ImageObject","inLanguage":"en-US","@id":"https:\/\/doctoralvarosanabria.com\/#\/schema\/logo\/image\/","url":"https:\/\/doctoralvarosanabria.com\/wp-content\/uploads\/2025\/09\/logo-doctor-1.png","contentUrl":"https:\/\/doctoralvarosanabria.com\/wp-content\/uploads\/2025\/09\/logo-doctor-1.png","width":508,"height":120,"caption":"Doctor \u00c1lvaro Sanabria"},"image":{"@id":"https:\/\/doctoralvarosanabria.com\/#\/schema\/logo\/image\/"},"sameAs":["https:\/\/www.facebook.com\/share\/16XXpHhXgk\/","https:\/\/www.instagram.com\/dr.alvaro_sanabria?igsh=NTJtdjB3ZDY2cGw1","https:\/\/www.linkedin.com\/in\/alvaro-sanabria-msc-phd-b3156835?utm_source=share&utm_campaign=share_via&utm_content=profile&utm_medium=android_app"]}]}},"_links":{"self":[{"href":"https:\/\/doctoralvarosanabria.com\/en\/wp-json\/wp\/v2\/pages\/707","targetHints":{"allow":["GET"]}}],"collection":[{"href":"https:\/\/doctoralvarosanabria.com\/en\/wp-json\/wp\/v2\/pages"}],"about":[{"href":"https:\/\/doctoralvarosanabria.com\/en\/wp-json\/wp\/v2\/types\/page"}],"author":[{"embeddable":true,"href":"https:\/\/doctoralvarosanabria.com\/en\/wp-json\/wp\/v2\/users\/1"}],"replies":[{"embeddable":true,"href":"https:\/\/doctoralvarosanabria.com\/en\/wp-json\/wp\/v2\/comments?post=707"}],"version-history":[{"count":10,"href":"https:\/\/doctoralvarosanabria.com\/en\/wp-json\/wp\/v2\/pages\/707\/revisions"}],"predecessor-version":[{"id":732,"href":"https:\/\/doctoralvarosanabria.com\/en\/wp-json\/wp\/v2\/pages\/707\/revisions\/732"}],"wp:attachment":[{"href":"https:\/\/doctoralvarosanabria.com\/en\/wp-json\/wp\/v2\/media?parent=707"}],"curies":[{"name":"wp","href":"https:\/\/api.w.org\/{rel}","templated":true}]}}